{"id":2551,"date":"2024-02-21T12:15:24","date_gmt":"2024-02-21T12:15:24","guid":{"rendered":"https:\/\/www.mndpinnova.com\/cookies-policy\/"},"modified":"2025-07-31T10:21:51","modified_gmt":"2025-07-31T10:21:51","slug":"cookies-policy","status":"publish","type":"page","link":"https:\/\/www.mndpinnova.com\/en\/cookies-policy\/","title":{"rendered":"Cookies policy"},"content":{"rendered":"\t\t<div data-elementor-type=\"wp-page\" data-elementor-id=\"2551\" class=\"elementor elementor-2551 elementor-1512\">\n\t\t\t\t\t\t<section class=\"elementor-section elementor-top-section elementor-element elementor-element-7023561c elementor-section-boxed elementor-section-height-default elementor-section-height-default parallax_section_no qode_elementor_container_no\" data-id=\"7023561c\" data-element_type=\"section\">\n\t\t\t\t\t\t<div class=\"elementor-container elementor-column-gap-default\">\n\t\t\t\t\t<div class=\"elementor-column elementor-col-100 elementor-top-column elementor-element elementor-element-2677c087\" data-id=\"2677c087\" data-element_type=\"column\">\n\t\t\t<div class=\"elementor-widget-wrap elementor-element-populated\">\n\t\t\t\t\t\t<div class=\"elementor-element elementor-element-67f56cb elementor-widget elementor-widget-text-editor\" data-id=\"67f56cb\" data-element_type=\"widget\" data-widget_type=\"text-editor.default\">\n\t\t\t\t<div class=\"elementor-widget-container\">\n\t\t\t\t\t\t\t\t\t<p>Mireia N\u00fa\u00f1ez de Prado, through this document, includes its Policy on the collection and processing of cookies, in compliance with the provisions of article 22.2 of Law 34\/2002, of 11 July, on Information Society Services and Electronic Commerce (LSSI-CE).<\/p>\t\t\t\t\t\t\t\t<\/div>\n\t\t\t\t<\/div>\n\t\t\t\t<div class=\"elementor-element elementor-element-3641872 elementor-widget elementor-widget-text-editor\" data-id=\"3641872\" data-element_type=\"widget\" data-widget_type=\"text-editor.default\">\n\t\t\t\t<div class=\"elementor-widget-container\">\n\t\t\t\t\t\t\t\t\t<p>Cookies are stored on the user&#8217;s terminal equipment (computer or mobile device) and collect information when visiting the website www.mndpinnova.com, in order to improve its usability, to know its browsing habits or needs in order to adapt to them, as well as to obtain information for statistical purposes. In the case of those users who are customers of Mireia N\u00fa\u00f1ez de Prado, the information collected with cookies will also serve to identify them when accessing the different tools that Mireia N\u00fa\u00f1ez de Prado makes available to them for the management of services. <\/p>\t\t\t\t\t\t\t\t<\/div>\n\t\t\t\t<\/div>\n\t\t\t\t<div class=\"elementor-element elementor-element-437c712 elementor-widget elementor-widget-text-editor\" data-id=\"437c712\" data-element_type=\"widget\" data-widget_type=\"text-editor.default\">\n\t\t\t\t<div class=\"elementor-widget-container\">\n\t\t\t\t\t\t\t\t\t<p>This Cookies Policy will be applicable to those users who voluntarily visit the web pages of Mireia N\u00fa\u00f1ez de Prado, fill in data collection forms, access the tools that Mireia N\u00fa\u00f1ez de Prado makes available to its customers to manage its services, or use any other service present on the website that involves the communication of data to Mireia N\u00fa\u00f1ez de Prado.  or access to data by Mireia N\u00fa\u00f1ez de Prado for the provision of its services.<\/p>\t\t\t\t\t\t\t\t<\/div>\n\t\t\t\t<\/div>\n\t\t\t\t<div class=\"elementor-element elementor-element-f04a6e7 elementor-widget elementor-widget-text-editor\" data-id=\"f04a6e7\" data-element_type=\"widget\" data-widget_type=\"text-editor.default\">\n\t\t\t\t<div class=\"elementor-widget-container\">\n\t\t\t\t\t\t\t\t\t<p>Mireia N\u00fa\u00f1ez de Prado informs users of its web pages of the existence of cookies and makes this Policy available to them in order to inform them about their use and purpose. By continuing to browse through its pages, these users are aware of and accept this Policy. <\/p>\t\t\t\t\t\t\t\t<\/div>\n\t\t\t\t<\/div>\n\t\t\t\t<div class=\"elementor-element elementor-element-984c82a elementor-widget elementor-widget-text-editor\" data-id=\"984c82a\" data-element_type=\"widget\" data-widget_type=\"text-editor.default\">\n\t\t\t\t<div class=\"elementor-widget-container\">\n\t\t\t\t\t\t\t\t\t<p>Mireia N\u00fa\u00f1ez de Prado uses the following types of cookies:<\/p>\t\t\t\t\t\t\t\t<\/div>\n\t\t\t\t<\/div>\n\t\t\t\t<div class=\"elementor-element elementor-element-5babb06 elementor-widget elementor-widget-text-editor\" data-id=\"5babb06\" data-element_type=\"widget\" data-widget_type=\"text-editor.default\">\n\t\t\t\t<div class=\"elementor-widget-container\">\n\t\t\t\t\t\t\t\t\t<p><strong>CLASSIFIED ACCORDING TO THEIR OWNERSHIP<\/strong><\/p>\t\t\t\t\t\t\t\t<\/div>\n\t\t\t\t<\/div>\n\t\t\t\t<div class=\"elementor-element elementor-element-3f4895b elementor-widget elementor-widget-text-editor\" data-id=\"3f4895b\" data-element_type=\"widget\" data-widget_type=\"text-editor.default\">\n\t\t\t\t<div class=\"elementor-widget-container\">\n\t\t\t\t\t\t\t\t\t<p>First-party cookies: sent and managed directly by Mireia N\u00fa\u00f1ez de Prado.<br>Third-party cookies: sent and managed by a third party unrelated to Mireia N\u00fa\u00f1ez de Prado, anonymously, in order to carry out statistical studies of navigation on the websites of Mireia N\u00fa\u00f1ez de Prado.<\/p>\t\t\t\t\t\t\t\t<\/div>\n\t\t\t\t<\/div>\n\t\t\t\t<div class=\"elementor-element elementor-element-45fa3c8 elementor-widget elementor-widget-text-editor\" data-id=\"45fa3c8\" data-element_type=\"widget\" data-widget_type=\"text-editor.default\">\n\t\t\t\t<div class=\"elementor-widget-container\">\n\t\t\t\t\t\t\t\t\t<p><strong>CLASSIFIED ACCORDING TO THEIR PURPOSE<\/strong><\/p>\t\t\t\t\t\t\t\t<\/div>\n\t\t\t\t<\/div>\n\t\t\t\t<div class=\"elementor-element elementor-element-3776cc5 elementor-widget elementor-widget-text-editor\" data-id=\"3776cc5\" data-element_type=\"widget\" data-widget_type=\"text-editor.default\">\n\t\t\t\t<div class=\"elementor-widget-container\">\n\t\t\t\t\t\t\t\t\t<p>Technical and\/or personalisation cookies: they facilitate navigation by identifying the session, allowing access to restricted access tools, as well as customising the available options. They enable the provision of the service previously requested by the user.<br>Analysis and\/or advertising cookies: they allow us to know the number of visits received in the different sections of the websites, the habits and trends of their users and consequently, to be able to improve navigation and the service offered by Mireia N\u00fa\u00f1ez de Prado (fundamentally, Google Analytics), as well as to manage the advertising spaces included in the website visited by the user. It collects data anonymously in order to obtain browsing profiles of users.  <\/p>\t\t\t\t\t\t\t\t<\/div>\n\t\t\t\t<\/div>\n\t\t\t\t<div class=\"elementor-element elementor-element-127c1a9 elementor-widget elementor-widget-text-editor\" data-id=\"127c1a9\" data-element_type=\"widget\" data-widget_type=\"text-editor.default\">\n\t\t\t\t<div class=\"elementor-widget-container\">\n\t\t\t\t\t\t\t\t\t<p><strong>CLASSIFIED ACCORDING TO THEIR DURATION<\/strong><\/p>\t\t\t\t\t\t\t\t<\/div>\n\t\t\t\t<\/div>\n\t\t\t\t<div class=\"elementor-element elementor-element-5b7c488 elementor-widget elementor-widget-text-editor\" data-id=\"5b7c488\" data-element_type=\"widget\" data-widget_type=\"text-editor.default\">\n\t\t\t\t<div class=\"elementor-widget-container\">\n\t\t\t\t\t\t\t\t\t<p>Session cookies: collect and store data while the user accesses the website.<br>Persistent cookies: they collect and store data on the user&#8217;s terminal for a variable period of time depending on the purpose for which they have been used.<br>The storage time of cookies will depend on the type in question and will always be the minimum necessary to fulfil their purpose.<\/p>\t\t\t\t\t\t\t\t<\/div>\n\t\t\t\t<\/div>\n\t\t\t\t<div class=\"elementor-element elementor-element-be84891 elementor-widget elementor-widget-text-editor\" data-id=\"be84891\" data-element_type=\"widget\" data-widget_type=\"text-editor.default\">\n\t\t\t\t<div class=\"elementor-widget-container\">\n\t\t\t\t\t\t\t\t\t<p>In any case, users can configure their browser so that it deactivates or blocks the reception of all or some of the cookies. Not wishing to receive these cookies does not constitute an impediment to accessing the information on Mireia N\u00fa\u00f1ez de Prado&#8217;s websites, although the use of some services may be limited. If once consent has been granted for the receipt of cookies, it is desired to withdraw it, those cookies stored on the user&#8217;s computer will be deleted, through the options of the different browsers.  <\/p>\t\t\t\t\t\t\t\t<\/div>\n\t\t\t\t<\/div>\n\t\t\t\t<div class=\"elementor-element elementor-element-aa60dca elementor-widget elementor-widget-text-editor\" data-id=\"aa60dca\" data-element_type=\"widget\" data-widget_type=\"text-editor.default\">\n\t\t\t\t<div class=\"elementor-widget-container\">\n\t\t\t\t\t\t\t\t\t<p>The way to configure the different browsers to exercise the actions indicated in the previous paragraphs can be consulted at:<\/p>\t\t\t\t\t\t\t\t<\/div>\n\t\t\t\t<\/div>\n\t\t\t\t<div class=\"elementor-element elementor-element-5891e01 elementor-widget elementor-widget-text-editor\" data-id=\"5891e01\" data-element_type=\"widget\" data-widget_type=\"text-editor.default\">\n\t\t\t\t<div class=\"elementor-widget-container\">\n\t\t\t\t\t\t\t\t\t<p>Explorer: https:\/\/support.microsoft.com\/es-es\/help\/17479\/windows-internet-explorer-11-change-security-privacy-settings<br>Chrome: https:\/\/support.google.com\/chrome\/answer\/95647?hl=es<br>Firefox: http:\/\/support.mozilla.org\/es\/kb\/cookies-informacion-que-los-sitios-web-guardan-en-?redirectlocale=en-US&amp;redirectslug=Cookies<br>Safari: https:\/\/support.apple.com\/kb\/ph21411?locale=es_ES<\/p>\t\t\t\t\t\t\t\t<\/div>\n\t\t\t\t<\/div>\n\t\t\t\t<div class=\"elementor-element elementor-element-9aa4c31 elementor-widget elementor-widget-text-editor\" data-id=\"9aa4c31\" data-element_type=\"widget\" data-widget_type=\"text-editor.default\">\n\t\t\t\t<div class=\"elementor-widget-container\">\n\t\t\t\t\t\t\t\t\t<p><strong>GOOGLE ANALYTICS<\/strong><\/p>\t\t\t\t\t\t\t\t<\/div>\n\t\t\t\t<\/div>\n\t\t\t\t<div class=\"elementor-element elementor-element-346e960 elementor-widget elementor-widget-text-editor\" data-id=\"346e960\" data-element_type=\"widget\" data-widget_type=\"text-editor.default\">\n\t\t\t\t<div class=\"elementor-widget-container\">\n\t\t\t\t\t\t\t\t\t<p>This website uses Google Analytics, a web analytics service provided by Google, Inc. (hereinafter referred to as Google). Google Analytics uses so-called &#8220;cookies&#8221;, text files that are installed on the computer and enable the analysis of users&#8217; behaviour on the Internet. The information generated by the cookie about the user&#8217;s use of the website is generally transmitted to and stored on Google&#8217;s servers in the United States. If you activate the IP anonymization option on the website, the IP address will not appear complete within the countries of the European Union or in other countries that have agreed to it within the Economic Area of the European Union.    <\/p>\t\t\t\t\t\t\t\t<\/div>\n\t\t\t\t<\/div>\n\t\t\t\t<div class=\"elementor-element elementor-element-064e437 elementor-widget elementor-widget-text-editor\" data-id=\"064e437\" data-element_type=\"widget\" data-widget_type=\"text-editor.default\">\n\t\t\t\t<div class=\"elementor-widget-container\">\n\t\t\t\t\t\t\t\t\t<p>Only in exceptional cases will the full IP address be transmitted to a Google server in the USA and truncated there. Only with the consent of the user of the website, Google will use this information to evaluate the user&#8217;s behaviour on the website, to generate reports on website activity and to offer the website operator services related to web and internet usage. The IP address transmitted by your browser within the framework of Google Analytics will not be associated with other data held by Google. The user can prevent the storage of cookies by configuring the browser accordingly so that cookies are not stored. This setting may affect the full functionality of the website. By using this website, the user agrees to the processing of data by Google in the aforementioned manner. The user can also prevent the recording of the data generated by the cookies and those related to the use of the website (including the IP address), as well as the processing of the same by downloading and installing the following browser plugin available through this link: http:\/\/tools.google.com\/dlpage\/gaoptout      <\/p>\t\t\t\t\t\t\t\t<\/div>\n\t\t\t\t<\/div>\n\t\t\t\t<div class=\"elementor-element elementor-element-737758d elementor-widget elementor-widget-text-editor\" data-id=\"737758d\" data-element_type=\"widget\" data-widget_type=\"text-editor.default\">\n\t\t\t\t<div class=\"elementor-widget-container\">\n\t\t\t\t\t\t\t\t\t<p>Learn more about the terms and conditions of use and privacy policy in the Google Analytics Terms of Use or the Google Analytics Terms and Conditions. Please note that on this page the Google analytics code includes the tag &#8220;gat._anonymizeIp();&#8221;, which ensures the collection of IP addresses anonymously (IP masking). <\/p>\t\t\t\t\t\t\t\t<\/div>\n\t\t\t\t<\/div>\n\t\t\t\t\t<\/div>\n\t\t<\/div>\n\t\t\t\t\t<\/div>\n\t\t<\/section>\n\t\t\t\t<\/div>\n\t\t","protected":false},"excerpt":{"rendered":"<p>Mireia N\u00fa\u00f1ez de Prado, through this document, includes its Policy on the collection and processing of cookies, in compliance with the provisions of article 22.2 of Law 34\/2002, of 11 July, on Information Society Services and Electronic Commerce (LSSI-CE). Cookies are stored on the user&#8217;s&#8230;<\/p>\n","protected":false},"author":1,"featured_media":0,"parent":0,"menu_order":0,"comment_status":"closed","ping_status":"closed","template":"","meta":{"_acf_changed":false,"_monsterinsights_skip_tracking":false,"_monsterinsights_sitenote_active":false,"_monsterinsights_sitenote_note":"","_monsterinsights_sitenote_category":0,"footnotes":""},"class_list":["post-2551","page","type-page","status-publish","hentry"],"acf":[],"yoast_head":"<!-- This site is optimized with the Yoast SEO plugin v25.5 - https:\/\/yoast.com\/wordpress\/plugins\/seo\/ -->\n<title>Cookies policy - MNDP Innova<\/title>\n<meta name=\"robots\" content=\"noindex, nofollow\" \/>\n<meta property=\"og:locale\" content=\"en_US\" \/>\n<meta property=\"og:type\" content=\"article\" \/>\n<meta property=\"og:title\" content=\"Cookies policy - MNDP Innova\" \/>\n<meta property=\"og:description\" content=\"Mireia N\u00fa\u00f1ez de Prado, through this document, includes its Policy on the collection and processing of cookies, in compliance with the provisions of article 22.2 of Law 34\/2002, of 11 July, on Information Society Services and Electronic Commerce (LSSI-CE). Cookies are stored on the user&#8217;s...\" \/>\n<meta property=\"og:url\" content=\"https:\/\/www.mndpinnova.com\/en\/cookies-policy\/\" \/>\n<meta property=\"og:site_name\" content=\"MNDP Innova\" \/>\n<meta property=\"article:modified_time\" content=\"2025-07-31T10:21:51+00:00\" \/>\n<meta name=\"twitter:card\" content=\"summary_large_image\" \/>\n<meta name=\"twitter:label1\" content=\"Est. reading time\" \/>\n\t<meta name=\"twitter:data1\" content=\"5 minutes\" \/>\n<script type=\"application\/ld+json\" class=\"yoast-schema-graph\">{\"@context\":\"https:\/\/schema.org\",\"@graph\":[{\"@type\":\"WebPage\",\"@id\":\"https:\/\/www.mndpinnova.com\/en\/cookies-policy\/\",\"url\":\"https:\/\/www.mndpinnova.com\/en\/cookies-policy\/\",\"name\":\"Cookies policy - MNDP Innova\",\"isPartOf\":{\"@id\":\"https:\/\/www.mndpinnova.com\/en\/#website\"},\"datePublished\":\"2024-02-21T12:15:24+00:00\",\"dateModified\":\"2025-07-31T10:21:51+00:00\",\"breadcrumb\":{\"@id\":\"https:\/\/www.mndpinnova.com\/en\/cookies-policy\/#breadcrumb\"},\"inLanguage\":\"en-US\",\"potentialAction\":[{\"@type\":\"ReadAction\",\"target\":[\"https:\/\/www.mndpinnova.com\/en\/cookies-policy\/\"]}]},{\"@type\":\"BreadcrumbList\",\"@id\":\"https:\/\/www.mndpinnova.com\/en\/cookies-policy\/#breadcrumb\",\"itemListElement\":[{\"@type\":\"ListItem\",\"position\":1,\"name\":\"Home\",\"item\":\"https:\/\/www.mndpinnova.com\/en\/home\/\"},{\"@type\":\"ListItem\",\"position\":2,\"name\":\"Cookies policy\"}]},{\"@type\":\"WebSite\",\"@id\":\"https:\/\/www.mndpinnova.com\/en\/#website\",\"url\":\"https:\/\/www.mndpinnova.com\/en\/\",\"name\":\"MNDP Innova\",\"description\":\"\",\"potentialAction\":[{\"@type\":\"SearchAction\",\"target\":{\"@type\":\"EntryPoint\",\"urlTemplate\":\"https:\/\/www.mndpinnova.com\/en\/?s={search_term_string}\"},\"query-input\":{\"@type\":\"PropertyValueSpecification\",\"valueRequired\":true,\"valueName\":\"search_term_string\"}}],\"inLanguage\":\"en-US\"}]}<\/script>\n<!-- \/ Yoast SEO plugin. -->","yoast_head_json":{"title":"Cookies policy - MNDP Innova","robots":{"index":"noindex","follow":"nofollow"},"og_locale":"en_US","og_type":"article","og_title":"Cookies policy - MNDP Innova","og_description":"Mireia N\u00fa\u00f1ez de Prado, through this document, includes its Policy on the collection and processing of cookies, in compliance with the provisions of article 22.2 of Law 34\/2002, of 11 July, on Information Society Services and Electronic Commerce (LSSI-CE). Cookies are stored on the user&#8217;s...","og_url":"https:\/\/www.mndpinnova.com\/en\/cookies-policy\/","og_site_name":"MNDP Innova","article_modified_time":"2025-07-31T10:21:51+00:00","twitter_card":"summary_large_image","twitter_misc":{"Est. reading time":"5 minutes"},"schema":{"@context":"https:\/\/schema.org","@graph":[{"@type":"WebPage","@id":"https:\/\/www.mndpinnova.com\/en\/cookies-policy\/","url":"https:\/\/www.mndpinnova.com\/en\/cookies-policy\/","name":"Cookies policy - MNDP Innova","isPartOf":{"@id":"https:\/\/www.mndpinnova.com\/en\/#website"},"datePublished":"2024-02-21T12:15:24+00:00","dateModified":"2025-07-31T10:21:51+00:00","breadcrumb":{"@id":"https:\/\/www.mndpinnova.com\/en\/cookies-policy\/#breadcrumb"},"inLanguage":"en-US","potentialAction":[{"@type":"ReadAction","target":["https:\/\/www.mndpinnova.com\/en\/cookies-policy\/"]}]},{"@type":"BreadcrumbList","@id":"https:\/\/www.mndpinnova.com\/en\/cookies-policy\/#breadcrumb","itemListElement":[{"@type":"ListItem","position":1,"name":"Home","item":"https:\/\/www.mndpinnova.com\/en\/home\/"},{"@type":"ListItem","position":2,"name":"Cookies policy"}]},{"@type":"WebSite","@id":"https:\/\/www.mndpinnova.com\/en\/#website","url":"https:\/\/www.mndpinnova.com\/en\/","name":"MNDP Innova","description":"","potentialAction":[{"@type":"SearchAction","target":{"@type":"EntryPoint","urlTemplate":"https:\/\/www.mndpinnova.com\/en\/?s={search_term_string}"},"query-input":{"@type":"PropertyValueSpecification","valueRequired":true,"valueName":"search_term_string"}}],"inLanguage":"en-US"}]}},"_links":{"self":[{"href":"https:\/\/www.mndpinnova.com\/en\/wp-json\/wp\/v2\/pages\/2551","targetHints":{"allow":["GET"]}}],"collection":[{"href":"https:\/\/www.mndpinnova.com\/en\/wp-json\/wp\/v2\/pages"}],"about":[{"href":"https:\/\/www.mndpinnova.com\/en\/wp-json\/wp\/v2\/types\/page"}],"author":[{"embeddable":true,"href":"https:\/\/www.mndpinnova.com\/en\/wp-json\/wp\/v2\/users\/1"}],"replies":[{"embeddable":true,"href":"https:\/\/www.mndpinnova.com\/en\/wp-json\/wp\/v2\/comments?post=2551"}],"version-history":[{"count":1,"href":"https:\/\/www.mndpinnova.com\/en\/wp-json\/wp\/v2\/pages\/2551\/revisions"}],"predecessor-version":[{"id":2552,"href":"https:\/\/www.mndpinnova.com\/en\/wp-json\/wp\/v2\/pages\/2551\/revisions\/2552"}],"wp:attachment":[{"href":"https:\/\/www.mndpinnova.com\/en\/wp-json\/wp\/v2\/media?parent=2551"}],"curies":[{"name":"wp","href":"https:\/\/api.w.org\/{rel}","templated":true}]}}