{"id":2553,"date":"2019-09-05T08:49:53","date_gmt":"2019-09-05T08:49:53","guid":{"rendered":"https:\/\/www.mndpinnova.com\/politica-de-privacitat\/"},"modified":"2025-07-31T10:23:33","modified_gmt":"2025-07-31T10:23:33","slug":"politica-de-privacitat","status":"publish","type":"page","link":"https:\/\/www.mndpinnova.com\/ca\/politica-de-privacitat\/","title":{"rendered":"Pol\u00edtica de privacitat"},"content":{"rendered":"\t\t<div data-elementor-type=\"wp-page\" data-elementor-id=\"2553\" class=\"elementor elementor-2553 elementor-964\">\n\t\t\t\t\t\t<section class=\"elementor-section elementor-top-section elementor-element elementor-element-7023561c elementor-section-boxed elementor-section-height-default elementor-section-height-default parallax_section_no qode_elementor_container_no\" data-id=\"7023561c\" data-element_type=\"section\">\n\t\t\t\t\t\t<div class=\"elementor-container elementor-column-gap-default\">\n\t\t\t\t\t<div class=\"elementor-column elementor-col-100 elementor-top-column elementor-element elementor-element-2677c087\" data-id=\"2677c087\" data-element_type=\"column\">\n\t\t\t<div class=\"elementor-widget-wrap elementor-element-populated\">\n\t\t\t\t\t\t<div class=\"elementor-element elementor-element-34f6eb6 elementor-widget elementor-widget-text-editor\" data-id=\"34f6eb6\" data-element_type=\"widget\" data-widget_type=\"text-editor.default\">\n\t\t\t\t<div class=\"elementor-widget-container\">\n\t\t\t\t\t\t\t\t\t<p>A l&#8217;efecte del que preveu el Reglament (UE) 2016\/679 de 27 d&#8217;abril del 2016 <span class=\" author-d-1gg9uz65z1iz85zgdz68zmqkz84zo2qoxw4ntjz86zq1dau9z85z2z77zlid1u0z85zz67zz87zz66zz65zjz76z8z84zz80z\">Mireia N\u00fa\u00f1ez de Prado <\/span>amb DNI <span class=\" author-d-1gg9uz65z1iz85zgdz68zmqkz84zo2qoxw4ntjz86zq1dau9z85z2z77zlid1u0z85zz67zz87zz66zz65zjz76z8z84zz80z\">44002933T <\/span>informa a l&#8217;Usuari que les seves dades de car\u00e0cter personal seran tractades amb la finalitat de prestar-li els serveis sol\u00b7licitats i enviar-li la informaci\u00f3 sobre la nostra empresa que sigui del seu inter\u00e8s.<\/p>\t\t\t\t\t\t\t\t<\/div>\n\t\t\t\t<\/div>\n\t\t\t\t<div class=\"elementor-element elementor-element-c1d20c0 elementor-widget elementor-widget-text-editor\" data-id=\"c1d20c0\" data-element_type=\"widget\" data-widget_type=\"text-editor.default\">\n\t\t\t\t<div class=\"elementor-widget-container\">\n\t\t\t\t\t\t\t\t\t<p><strong>TRAMESA I REGISTRE DE DADES DE CAR\u00c0CTER PERSONAL<\/strong><\/p>\t\t\t\t\t\t\t\t<\/div>\n\t\t\t\t<\/div>\n\t\t\t\t<div class=\"elementor-element elementor-element-cf3cbce elementor-widget elementor-widget-text-editor\" data-id=\"cf3cbce\" data-element_type=\"widget\" data-widget_type=\"text-editor.default\">\n\t\t\t\t<div class=\"elementor-widget-container\">\n\t\t\t\t\t\t\t\t\t<p>L&#8217;enviament de dades de car\u00e0cter personal \u00e9s obligatori per contactar i rebre informaci\u00f3 sobre els serveis prestats per <span class=\" author-d-1gg9uz65z1iz85zgdz68zmqkz84zo2qoxw4ntjz86zq1dau9z85z2z77zlid1u0z85zz67zz87zz66zz65zjz76z8z84zz80z\">Mireia N\u00fa\u00f1ez de Prado. <\/span>Aix\u00ed mateix, no facilitar les dades personals sol\u00b7licitades o el no acceptar la present pol\u00edtica de protecci\u00f3 de dades suposa la impossibilitat de subscriure&#8217;s, registrar-se o rebre informaci\u00f3 d&#8217;aquests serveis.<\/p>\t\t\t\t\t\t\t\t<\/div>\n\t\t\t\t<\/div>\n\t\t\t\t<div class=\"elementor-element elementor-element-badb5de elementor-widget elementor-widget-text-editor\" data-id=\"badb5de\" data-element_type=\"widget\" data-widget_type=\"text-editor.default\">\n\t\t\t\t<div class=\"elementor-widget-container\">\n\t\t\t\t\t\t\t\t\t<p>Quan les dades de car\u00e0cter personal siguin obtingudes per l&#8217; Usuari a trav\u00e9s de mitjans de comunicaci\u00f3 electr\u00f2nics o en el marc de la prestaci\u00f3 d&#8217; un servei de la societat de la informaci\u00f3, aix\u00ed com en aquells altres sup\u00f2sits expressament establerts per la llei o quan aix\u00ed ho autoritzi l&#8217; Ag\u00e8ncia Espanyola de Protecci\u00f3 de Dades,  el responsable del tractament podr\u00e0 donar compliment al deure d&#8217;informaci\u00f3 que estableix l&#8217;article 13 del Reglament (UE) 2016\/679 facilitant l&#8217;acc\u00e9s a tota la informaci\u00f3 que correspongui:<\/p>\t\t\t\t\t\t\t\t<\/div>\n\t\t\t\t<\/div>\n\t\t\t\t<div class=\"elementor-element elementor-element-9b01b9e elementor-widget elementor-widget-text-editor\" data-id=\"9b01b9e\" data-element_type=\"widget\" data-widget_type=\"text-editor.default\">\n\t\t\t\t<div class=\"elementor-widget-container\">\n\t\t\t\t\t\t\t\t\t<p>a) La identitat del responsable del tractament i del seu representant, si s&#8217; escau.<br>b) La finalitat del tractament.<br>c) La forma en qu\u00e8 l&#8217;afectat podr\u00e0 exercitar els drets que estableixen els articles 15 a 22 del Reglament (UE) 2016\/679.<\/p>\t\t\t\t\t\t\t\t<\/div>\n\t\t\t\t<\/div>\n\t\t\t\t<div class=\"elementor-element elementor-element-b16d8bc elementor-widget elementor-widget-text-editor\" data-id=\"b16d8bc\" data-element_type=\"widget\" data-widget_type=\"text-editor.default\">\n\t\t\t\t<div class=\"elementor-widget-container\">\n\t\t\t\t\t\t\t\t\t<p>No obstant aix\u00f2, els responsables i encarregats del tractament o, si s&#8217;escau, els seus representants han de mantenir el registre d&#8217;activitats de tractament a qu\u00e8 es refereix l&#8217;article 30 del Reglament (UE) 2016\/679, llevat que l&#8217;empresa o organitzaci\u00f3 ocupin menys de 250 persones, amb l&#8217;excepci\u00f3 que el tractat que realitzi pugui comportar un risc per als drets i llibertats dels interessos,  no sigui ocasional, o inclogui categories especials d&#8217;actes personals indicats a l&#8217;article 9, apartat 1, o actes personals relatius a condemnes i infraccions penals a qu\u00e8 es refereix l&#8217;article 10 del Reglament (UE) 2016\/679.<\/p>\t\t\t\t\t\t\t\t<\/div>\n\t\t\t\t<\/div>\n\t\t\t\t<div class=\"elementor-element elementor-element-f192c73 elementor-widget elementor-widget-text-editor\" data-id=\"f192c73\" data-element_type=\"widget\" data-widget_type=\"text-editor.default\">\n\t\t\t\t<div class=\"elementor-widget-container\">\n\t\t\t\t\t\t\t\t\t<p>Finalment, l&#8217;article 5.1.f) del Reglament (UE) 2016\/679 determina la necessitat d&#8217;establir garanties de seguretat adequades contra el tr\u00e0nsit no autoritzat o il\u00b7l\u00edcit, contra la p\u00e8rdua de les coses personals, la destrucci\u00f3 o el dany accidental. Aix\u00f2 implica l&#8217;establiment de mesures t\u00e8cniques i organitzatives encaminades a assegurar la integritat i confidencialitat de les dades personals i la possibilitat (article 5.2) de demostrar que aquestes mesures s&#8217;han portat a la pr\u00e0ctica (responsabilitat proactiva). <\/p>\t\t\t\t\t\t\t\t<\/div>\n\t\t\t\t<\/div>\n\t\t\t\t<div class=\"elementor-element elementor-element-2f4b841 elementor-widget elementor-widget-text-editor\" data-id=\"2f4b841\" data-element_type=\"widget\" data-widget_type=\"text-editor.default\">\n\t\t\t\t<div class=\"elementor-widget-container\">\n\t\t\t\t\t\t\t\t\t<p><strong>EXACTITUD I VERACITAT DE LES DADES FACILITADES<\/strong><\/p>\t\t\t\t\t\t\t\t<\/div>\n\t\t\t\t<\/div>\n\t\t\t\t<div class=\"elementor-element elementor-element-4dce9b8 elementor-widget elementor-widget-text-editor\" data-id=\"4dce9b8\" data-element_type=\"widget\" data-widget_type=\"text-editor.default\">\n\t\t\t\t<div class=\"elementor-widget-container\">\n\t\t\t\t\t\t\t\t\t<p>L&#8217;usuari que envia la informaci\u00f3 a <span class=\" author-d-1gg9uz65z1iz85zgdz68zmqkz84zo2qoxw4ntjz86zq1dau9z85z2z77zlid1u0z85zz67zz87zz66zz65zjz76z8z84zz80z\">Mireia N\u00fa\u00f1ez de Prado <\/span>\u00e9s l&#8217;\u00fanic responsable de la veracitat i correcci\u00f3 de les dades incloses, exonerant-se <span class=\" author-d-1gg9uz65z1iz85zgdz68zmqkz84zo2qoxw4ntjz86zq1dau9z85z2z77zlid1u0z85zz67zz87zz66zz65zjz76z8z84zz80z\">Mireia N\u00fa\u00f1ez de Prado<\/span> de qualsevol responsabilitat sobre aquest tema.<\/p>\t\t\t\t\t\t\t\t<\/div>\n\t\t\t\t<\/div>\n\t\t\t\t<div class=\"elementor-element elementor-element-3ae48a8 elementor-widget elementor-widget-text-editor\" data-id=\"3ae48a8\" data-element_type=\"widget\" data-widget_type=\"text-editor.default\">\n\t\t\t\t<div class=\"elementor-widget-container\">\n\t\t\t\t\t\t\t\t\t<p>Els usuaris garanteixen i responen, en qualsevol cas, de l&#8217; exactitud, vig\u00e8ncia i autenticitat de les dades personals facilitades, i es comprometen a mantenir-les degudament actualitzades. L&#8217;Usuari accepta proporcionar informaci\u00f3 completa i correcta en el formulari de registre o subscripci\u00f3. <\/p>\t\t\t\t\t\t\t\t<\/div>\n\t\t\t\t<\/div>\n\t\t\t\t<div class=\"elementor-element elementor-element-6c09d23 elementor-widget elementor-widget-text-editor\" data-id=\"6c09d23\" data-element_type=\"widget\" data-widget_type=\"text-editor.default\">\n\t\t\t\t<div class=\"elementor-widget-container\">\n\t\t\t\t\t\t\t\t\t<p><span class=\" author-d-1gg9uz65z1iz85zgdz68zmqkz84zo2qoxw4ntjz86zq1dau9z85z2z77zlid1u0z85zz67zz87zz66zz65zjz76z8z84zz80z\">Mireia N\u00fa\u00f1ez de Prado <\/span>no respon de la veracitat de les informacions que no seguissin d&#8217; elaboraci\u00f3 pr\u00e8via i de les quals s&#8217; indiqui una altra font, per la qual cosa no assumim cap responsabilitat respecte a hipot\u00e8tics perjudicis que poguessin originar-se per l&#8217; \u00fas d&#8217; aquesta informaci\u00f3. S&#8217;exonera <span class=\" author-d-1gg9uz65z1iz85zgdz68zmqkz84zo2qoxw4ntjz86zq1dau9z85z2z77zlid1u0z85zz67zz87zz66zz65zjz76z8z84zz80z\">Mireia N\u00fa\u00f1ez de Prado <\/span>de responsabilitat davant qualsevol dany o perjudici que pogu\u00e9s patir l&#8217;Usuari com a conseq\u00fc\u00e8ncia d&#8217;errors, defectes o omissions, en la informaci\u00f3 facilitada per <span class=\" author-d-1gg9uz65z1iz85zgdz68zmqkz84zo2qoxw4ntjz86zq1dau9z85z2z77zlid1u0z85zz67zz87zz66zz65zjz76z8z84zz80z\">Mireia N\u00fa\u00f1ez de Prado <\/span>sempre que procedeixi de fonts alienes a <span class=\" author-d-1gg9uz65z1iz85zgdz68zmqkz84zo2qoxw4ntjz86zq1dau9z85z2z77zlid1u0z85zz67zz87zz66zz65zjz76z8z84zz80z\">Mireia N\u00fa\u00f1ez de Prado<\/span>. <\/p>\t\t\t\t\t\t\t\t<\/div>\n\t\t\t\t<\/div>\n\t\t\t\t<div class=\"elementor-element elementor-element-9fa83b0 elementor-widget elementor-widget-text-editor\" data-id=\"9fa83b0\" data-element_type=\"widget\" data-widget_type=\"text-editor.default\">\n\t\t\t\t<div class=\"elementor-widget-container\">\n\t\t\t\t\t\t\t\t\t<p><strong>CESSI\u00d3 DE DADES A TERCERS<\/strong><\/p>\t\t\t\t\t\t\t\t<\/div>\n\t\t\t\t<\/div>\n\t\t\t\t<div class=\"elementor-element elementor-element-0650475 elementor-widget elementor-widget-text-editor\" data-id=\"0650475\" data-element_type=\"widget\" data-widget_type=\"text-editor.default\">\n\t\t\t\t<div class=\"elementor-widget-container\">\n\t\t\t\t\t\t\t\t\t<p><span class=\" author-d-1gg9uz65z1iz85zgdz68zmqkz84zo2qoxw4ntjz86zq1dau9z85z2z77zlid1u0z85zz67zz87zz66zz65zjz76z8z84zz80z\">Mireia N\u00fa\u00f1ez de Prado <\/span>no cedir\u00e0 els drets personals a tercers. No obstant aix\u00f2, en el cas de ser cedits a algun tercer es produir\u00e0 una informaci\u00f3 pr\u00e8via sol\u00b7licitant el consentiment expr\u00e9s de l&#8217;afectat en virtut de l&#8217;article 4.11 del Reglament (UE) 2016\/679 de 27 d&#8217;abril de 2016. <\/p>\t\t\t\t\t\t\t\t<\/div>\n\t\t\t\t<\/div>\n\t\t\t\t<div class=\"elementor-element elementor-element-2f526de elementor-widget elementor-widget-text-editor\" data-id=\"2f526de\" data-element_type=\"widget\" data-widget_type=\"text-editor.default\">\n\t\t\t\t<div class=\"elementor-widget-container\">\n\t\t\t\t\t\t\t\t\t<p><strong>CONSERVACI\u00d3 DE LES DADES<\/strong><\/p>\t\t\t\t\t\t\t\t<\/div>\n\t\t\t\t<\/div>\n\t\t\t\t<div class=\"elementor-element elementor-element-660c05f elementor-widget elementor-widget-text-editor\" data-id=\"660c05f\" data-element_type=\"widget\" data-widget_type=\"text-editor.default\">\n\t\t\t\t<div class=\"elementor-widget-container\">\n\t\t\t\t\t\t\t\t\t<p>En qualsevol cas, el temps de conservaci\u00f3 ser\u00e0 l&#8217; indispensable, i pot mantenir-se com a m\u00ednim:<\/p>\t\t\t\t\t\t\t\t<\/div>\n\t\t\t\t<\/div>\n\t\t\t\t<div class=\"elementor-element elementor-element-6249187 elementor-widget elementor-widget-text-editor\" data-id=\"6249187\" data-element_type=\"widget\" data-widget_type=\"text-editor.default\">\n\t\t\t\t<div class=\"elementor-widget-container\">\n\t\t\t\t\t\t\t\t\t<p>4 anys: Llei sobre infraccions i sancions en l&#8217;ordre social (obligacions en mat\u00e8ria d&#8217;afiliaci\u00f3, altes, baixes, cotitzaci\u00f3, pagament de salaris&#8230;); Arts. 66 i s. Llei general tribut\u00e0ria (llibres de comptabilitat&#8230;)<br>5 anys: Art. 1964 Codi Civil (accions personals sense termini especial)<br>6 anys: Art. 30 Codi de Comer\u00e7 (llibres de comptabilitat, factures&#8230;)<br>10 anys: Art. \u2014 25 Llei de Prevenci\u00f3 del Blanqueig de Capitals i Finan\u00e7ament del Terrorisme.     <\/p>\t\t\t\t\t\t\t\t<\/div>\n\t\t\t\t<\/div>\n\t\t\t\t<div class=\"elementor-element elementor-element-2684cb9 elementor-widget elementor-widget-text-editor\" data-id=\"2684cb9\" data-element_type=\"widget\" data-widget_type=\"text-editor.default\">\n\t\t\t\t<div class=\"elementor-widget-container\">\n\t\t\t\t\t\t\t\t\t<p><strong>EXERCICI DE DRETS D&#8217; ACC\u00c9S, RECTIFICACI\u00d3, SUPRESSI\u00d3, LIMITACI\u00d3, PORTABILITAT I OPOSICI\u00d3<\/strong><\/p>\t\t\t\t\t\t\t\t<\/div>\n\t\t\t\t<\/div>\n\t\t\t\t<div class=\"elementor-element elementor-element-898f26f elementor-widget elementor-widget-text-editor\" data-id=\"898f26f\" data-element_type=\"widget\" data-widget_type=\"text-editor.default\">\n\t\t\t\t<div class=\"elementor-widget-container\">\n\t\t\t\t\t\t\t\t\t<p>Podr\u00e0 dirigir les seves comunicacions i exercitar els drets d&#8217;acc\u00e9s, rectificaci\u00f3, supressi\u00f3, limitaci\u00f3, portabilitat i oposici\u00f3 a trav\u00e9s de correu electr\u00f2nic hola@mndpinnova.com conjuntament amb prova v\u00e0lida en dret, com a fotoc\u00f2pia del D.N.I. i indicant en l&#8217;assumpte \u00abPROTECCI\u00d3 DE MORTS\u00bb.<\/p>\t\t\t\t\t\t\t\t<\/div>\n\t\t\t\t<\/div>\n\t\t\t\t<div class=\"elementor-element elementor-element-dcae0f9 elementor-widget elementor-widget-text-editor\" data-id=\"dcae0f9\" data-element_type=\"widget\" data-widget_type=\"text-editor.default\">\n\t\t\t\t<div class=\"elementor-widget-container\">\n\t\t\t\t\t\t\t\t\t<p><strong>ACCEPTACI\u00d3 I CONSENTIMENT<\/strong><\/p>\t\t\t\t\t\t\t\t<\/div>\n\t\t\t\t<\/div>\n\t\t\t\t<div class=\"elementor-element elementor-element-fcd2a25 elementor-widget elementor-widget-text-editor\" data-id=\"fcd2a25\" data-element_type=\"widget\" data-widget_type=\"text-editor.default\">\n\t\t\t\t<div class=\"elementor-widget-container\">\n\t\t\t\t\t\t\t\t\t<p>L&#8217;Usuari declara haver estat informat de les condicions sobre protecci\u00f3 de dades de car\u00e0cter personal, acceptant i consentint el tractament dels mateixos per part de <span class=\" author-d-1gg9uz65z1iz85zgdz68zmqkz84zo2qoxw4ntjz86zq1dau9z85z2z77zlid1u0z85zz67zz87zz66zz65zjz76z8z84zz80z\">Mireia N\u00fa\u00f1ez de Prado<\/span>, en la forma i per a les finalitats indicades en la present Pol\u00edtica de Protecci\u00f3 de Dades Personals.<\/p>\t\t\t\t\t\t\t\t<\/div>\n\t\t\t\t<\/div>\n\t\t\t\t\t<\/div>\n\t\t<\/div>\n\t\t\t\t\t<\/div>\n\t\t<\/section>\n\t\t\t\t<\/div>\n\t\t","protected":false},"excerpt":{"rendered":"<p>A l&#8217;efecte del que preveu el Reglament (UE) 2016\/679 de 27 d&#8217;abril del 2016 Mireia N\u00fa\u00f1ez de Prado amb DNI 44002933T informa a l&#8217;Usuari que les seves dades de car\u00e0cter personal seran tractades amb la finalitat de prestar-li els serveis sol\u00b7licitats i enviar-li la informaci\u00f3&#8230;<\/p>\n","protected":false},"author":1,"featured_media":0,"parent":0,"menu_order":0,"comment_status":"closed","ping_status":"closed","template":"","meta":{"_acf_changed":false,"_monsterinsights_skip_tracking":false,"_monsterinsights_sitenote_active":false,"_monsterinsights_sitenote_note":"","_monsterinsights_sitenote_category":0,"footnotes":""},"class_list":["post-2553","page","type-page","status-publish","hentry"],"acf":[],"yoast_head":"<!-- This site is optimized with the Yoast SEO plugin v25.5 - https:\/\/yoast.com\/wordpress\/plugins\/seo\/ -->\n<title>Pol\u00edtica de privacitat - MNDP Innova<\/title>\n<meta name=\"robots\" content=\"noindex, nofollow\" \/>\n<meta property=\"og:locale\" content=\"ca_ES\" \/>\n<meta property=\"og:type\" content=\"article\" \/>\n<meta property=\"og:title\" content=\"Pol\u00edtica de privacitat - MNDP Innova\" \/>\n<meta property=\"og:description\" content=\"A l&#8217;efecte del que preveu el Reglament (UE) 2016\/679 de 27 d&#8217;abril del 2016 Mireia N\u00fa\u00f1ez de Prado amb DNI 44002933T informa a l&#8217;Usuari que les seves dades de car\u00e0cter personal seran tractades amb la finalitat de prestar-li els serveis sol\u00b7licitats i enviar-li la informaci\u00f3...\" \/>\n<meta property=\"og:url\" content=\"https:\/\/www.mndpinnova.com\/ca\/politica-de-privacitat\/\" \/>\n<meta property=\"og:site_name\" content=\"MNDP Innova\" \/>\n<meta property=\"article:modified_time\" content=\"2025-07-31T10:23:33+00:00\" \/>\n<meta name=\"twitter:card\" content=\"summary_large_image\" \/>\n<meta name=\"twitter:label1\" content=\"Temps estimat de lectura\" \/>\n\t<meta name=\"twitter:data1\" content=\"4 minuts\" \/>\n<script type=\"application\/ld+json\" class=\"yoast-schema-graph\">{\"@context\":\"https:\/\/schema.org\",\"@graph\":[{\"@type\":\"WebPage\",\"@id\":\"https:\/\/www.mndpinnova.com\/ca\/politica-de-privacitat\/\",\"url\":\"https:\/\/www.mndpinnova.com\/ca\/politica-de-privacitat\/\",\"name\":\"Pol\u00edtica de privacitat - MNDP Innova\",\"isPartOf\":{\"@id\":\"https:\/\/www.mndpinnova.com\/ca\/#website\"},\"datePublished\":\"2019-09-05T08:49:53+00:00\",\"dateModified\":\"2025-07-31T10:23:33+00:00\",\"breadcrumb\":{\"@id\":\"https:\/\/www.mndpinnova.com\/ca\/politica-de-privacitat\/#breadcrumb\"},\"inLanguage\":\"ca\",\"potentialAction\":[{\"@type\":\"ReadAction\",\"target\":[\"https:\/\/www.mndpinnova.com\/ca\/politica-de-privacitat\/\"]}]},{\"@type\":\"BreadcrumbList\",\"@id\":\"https:\/\/www.mndpinnova.com\/ca\/politica-de-privacitat\/#breadcrumb\",\"itemListElement\":[{\"@type\":\"ListItem\",\"position\":1,\"name\":\"Home\",\"item\":\"https:\/\/www.mndpinnova.com\/ca\/inici\/\"},{\"@type\":\"ListItem\",\"position\":2,\"name\":\"Pol\u00edtica de privacitat\"}]},{\"@type\":\"WebSite\",\"@id\":\"https:\/\/www.mndpinnova.com\/ca\/#website\",\"url\":\"https:\/\/www.mndpinnova.com\/ca\/\",\"name\":\"MNDP Innova\",\"description\":\"\",\"potentialAction\":[{\"@type\":\"SearchAction\",\"target\":{\"@type\":\"EntryPoint\",\"urlTemplate\":\"https:\/\/www.mndpinnova.com\/ca\/?s={search_term_string}\"},\"query-input\":{\"@type\":\"PropertyValueSpecification\",\"valueRequired\":true,\"valueName\":\"search_term_string\"}}],\"inLanguage\":\"ca\"}]}<\/script>\n<!-- \/ Yoast SEO plugin. -->","yoast_head_json":{"title":"Pol\u00edtica de privacitat - MNDP Innova","robots":{"index":"noindex","follow":"nofollow"},"og_locale":"ca_ES","og_type":"article","og_title":"Pol\u00edtica de privacitat - MNDP Innova","og_description":"A l&#8217;efecte del que preveu el Reglament (UE) 2016\/679 de 27 d&#8217;abril del 2016 Mireia N\u00fa\u00f1ez de Prado amb DNI 44002933T informa a l&#8217;Usuari que les seves dades de car\u00e0cter personal seran tractades amb la finalitat de prestar-li els serveis sol\u00b7licitats i enviar-li la informaci\u00f3...","og_url":"https:\/\/www.mndpinnova.com\/ca\/politica-de-privacitat\/","og_site_name":"MNDP Innova","article_modified_time":"2025-07-31T10:23:33+00:00","twitter_card":"summary_large_image","twitter_misc":{"Temps estimat de lectura":"4 minuts"},"schema":{"@context":"https:\/\/schema.org","@graph":[{"@type":"WebPage","@id":"https:\/\/www.mndpinnova.com\/ca\/politica-de-privacitat\/","url":"https:\/\/www.mndpinnova.com\/ca\/politica-de-privacitat\/","name":"Pol\u00edtica de privacitat - MNDP Innova","isPartOf":{"@id":"https:\/\/www.mndpinnova.com\/ca\/#website"},"datePublished":"2019-09-05T08:49:53+00:00","dateModified":"2025-07-31T10:23:33+00:00","breadcrumb":{"@id":"https:\/\/www.mndpinnova.com\/ca\/politica-de-privacitat\/#breadcrumb"},"inLanguage":"ca","potentialAction":[{"@type":"ReadAction","target":["https:\/\/www.mndpinnova.com\/ca\/politica-de-privacitat\/"]}]},{"@type":"BreadcrumbList","@id":"https:\/\/www.mndpinnova.com\/ca\/politica-de-privacitat\/#breadcrumb","itemListElement":[{"@type":"ListItem","position":1,"name":"Home","item":"https:\/\/www.mndpinnova.com\/ca\/inici\/"},{"@type":"ListItem","position":2,"name":"Pol\u00edtica de privacitat"}]},{"@type":"WebSite","@id":"https:\/\/www.mndpinnova.com\/ca\/#website","url":"https:\/\/www.mndpinnova.com\/ca\/","name":"MNDP Innova","description":"","potentialAction":[{"@type":"SearchAction","target":{"@type":"EntryPoint","urlTemplate":"https:\/\/www.mndpinnova.com\/ca\/?s={search_term_string}"},"query-input":{"@type":"PropertyValueSpecification","valueRequired":true,"valueName":"search_term_string"}}],"inLanguage":"ca"}]}},"_links":{"self":[{"href":"https:\/\/www.mndpinnova.com\/ca\/wp-json\/wp\/v2\/pages\/2553","targetHints":{"allow":["GET"]}}],"collection":[{"href":"https:\/\/www.mndpinnova.com\/ca\/wp-json\/wp\/v2\/pages"}],"about":[{"href":"https:\/\/www.mndpinnova.com\/ca\/wp-json\/wp\/v2\/types\/page"}],"author":[{"embeddable":true,"href":"https:\/\/www.mndpinnova.com\/ca\/wp-json\/wp\/v2\/users\/1"}],"replies":[{"embeddable":true,"href":"https:\/\/www.mndpinnova.com\/ca\/wp-json\/wp\/v2\/comments?post=2553"}],"version-history":[{"count":1,"href":"https:\/\/www.mndpinnova.com\/ca\/wp-json\/wp\/v2\/pages\/2553\/revisions"}],"predecessor-version":[{"id":2554,"href":"https:\/\/www.mndpinnova.com\/ca\/wp-json\/wp\/v2\/pages\/2553\/revisions\/2554"}],"wp:attachment":[{"href":"https:\/\/www.mndpinnova.com\/ca\/wp-json\/wp\/v2\/media?parent=2553"}],"curies":[{"name":"wp","href":"https:\/\/api.w.org\/{rel}","templated":true}]}}