{"id":2545,"date":"2024-02-21T12:15:24","date_gmt":"2024-02-21T12:15:24","guid":{"rendered":"https:\/\/www.mndpinnova.com\/politica-de-cookies\/"},"modified":"2025-07-31T10:20:43","modified_gmt":"2025-07-31T10:20:43","slug":"politica-de-cookies","status":"publish","type":"page","link":"https:\/\/www.mndpinnova.com\/ca\/politica-de-cookies\/","title":{"rendered":"Pol\u00edtica de cookies"},"content":{"rendered":"\t\t<div data-elementor-type=\"wp-page\" data-elementor-id=\"2545\" class=\"elementor elementor-2545 elementor-1512\">\n\t\t\t\t\t\t<section class=\"elementor-section elementor-top-section elementor-element elementor-element-7023561c elementor-section-boxed elementor-section-height-default elementor-section-height-default parallax_section_no qode_elementor_container_no\" data-id=\"7023561c\" data-element_type=\"section\">\n\t\t\t\t\t\t<div class=\"elementor-container elementor-column-gap-default\">\n\t\t\t\t\t<div class=\"elementor-column elementor-col-100 elementor-top-column elementor-element elementor-element-2677c087\" data-id=\"2677c087\" data-element_type=\"column\">\n\t\t\t<div class=\"elementor-widget-wrap elementor-element-populated\">\n\t\t\t\t\t\t<div class=\"elementor-element elementor-element-67f56cb elementor-widget elementor-widget-text-editor\" data-id=\"67f56cb\" data-element_type=\"widget\" data-widget_type=\"text-editor.default\">\n\t\t\t\t<div class=\"elementor-widget-container\">\n\t\t\t\t\t\t\t\t\t<p>Mireia N\u00fa\u00f1ez de Prado, a trav\u00e9s del present document, recull la seva Pol\u00edtica de recollida i tractament de cookies, en compliment del que disposa l&#8217;article 22.2 de la Llei 34\/2002, d&#8217;11 de juliol, de Serveis de la societat de la Informaci\u00f3 i de Comer\u00e7 Electr\u00f2nic (LSSI-CE).<\/p>\t\t\t\t\t\t\t\t<\/div>\n\t\t\t\t<\/div>\n\t\t\t\t<div class=\"elementor-element elementor-element-3641872 elementor-widget elementor-widget-text-editor\" data-id=\"3641872\" data-element_type=\"widget\" data-widget_type=\"text-editor.default\">\n\t\t\t\t<div class=\"elementor-widget-container\">\n\t\t\t\t\t\t\t\t\t<p>Les cookies s&#8217;emmagatzemen en l&#8217;equip terminal de l&#8217;usuari (ordinador o dispositiu m\u00f2bil) i recopilen informaci\u00f3 en visitar la p\u00e0gina web www.mndpinnova.com, per tal de millorar la usabilitat de la mateixa, con\u00e8ixer els seus h\u00e0bits o necessitats de navegaci\u00f3 dels usuaris per poder adaptar-s&#8217;hi, aix\u00ed com obtenir informaci\u00f3 amb finalitats estad\u00edstiques. En el cas d&#8217;aquells usuaris que siguin clients de Mireia N\u00fa\u00f1ez de Prado, la informaci\u00f3 recollida amb les cookies servir\u00e0 tamb\u00e9 per a la seva identificaci\u00f3 en accedir a les diferents eines que Mireia N\u00fa\u00f1ez de Prado posa a la seva disposici\u00f3 per a la gesti\u00f3 dels serveis. <\/p>\t\t\t\t\t\t\t\t<\/div>\n\t\t\t\t<\/div>\n\t\t\t\t<div class=\"elementor-element elementor-element-437c712 elementor-widget elementor-widget-text-editor\" data-id=\"437c712\" data-element_type=\"widget\" data-widget_type=\"text-editor.default\">\n\t\t\t\t<div class=\"elementor-widget-container\">\n\t\t\t\t\t\t\t\t\t<p>La present Pol\u00edtica de cookies ser\u00e0 d&#8217;aplicaci\u00f3 a aquells usuaris que volunt\u00e0riament visitin les p\u00e0gines web de Mireia N\u00fa\u00f1ez de Prado, omplin formularis de recollida de dades, accedeixin a les eines que Mireia N\u00fa\u00f1ez de Prado posa a disposici\u00f3 dels seus clients per gestionar els seus serveis, o utilitzin qualsevol altre servei present al lloc web que impliqui la comunicaci\u00f3 de dades a Mireia N\u00fa\u00f1ez de Prado,  o l&#8217;acc\u00e9s a dades per Mireia N\u00fa\u00f1ez de Prado per a la prestaci\u00f3 dels seus serveis.<\/p>\t\t\t\t\t\t\t\t<\/div>\n\t\t\t\t<\/div>\n\t\t\t\t<div class=\"elementor-element elementor-element-f04a6e7 elementor-widget elementor-widget-text-editor\" data-id=\"f04a6e7\" data-element_type=\"widget\" data-widget_type=\"text-editor.default\">\n\t\t\t\t<div class=\"elementor-widget-container\">\n\t\t\t\t\t\t\t\t\t<p>Mireia N\u00fa\u00f1ez de Prado informa els usuaris de les seves p\u00e0gines web, de l&#8217;exist\u00e8ncia de cookies i posa a la seva disposici\u00f3 la present Pol\u00edtica per tal d&#8217;informar-los sobre l&#8217;\u00fas i de l&#8217;objecte de les mateixes. El fet de continuar la navegaci\u00f3 a trav\u00e9s de les seves p\u00e0gines suposa el coneixement i acceptaci\u00f3 de la present Pol\u00edtica per part d&#8217; aquests usuaris. <\/p>\t\t\t\t\t\t\t\t<\/div>\n\t\t\t\t<\/div>\n\t\t\t\t<div class=\"elementor-element elementor-element-984c82a elementor-widget elementor-widget-text-editor\" data-id=\"984c82a\" data-element_type=\"widget\" data-widget_type=\"text-editor.default\">\n\t\t\t\t<div class=\"elementor-widget-container\">\n\t\t\t\t\t\t\t\t\t<p>Mireia N\u00fa\u00f1ez de Prado utilitza els seg\u00fcents tipus de cookies:<\/p>\t\t\t\t\t\t\t\t<\/div>\n\t\t\t\t<\/div>\n\t\t\t\t<div class=\"elementor-element elementor-element-5babb06 elementor-widget elementor-widget-text-editor\" data-id=\"5babb06\" data-element_type=\"widget\" data-widget_type=\"text-editor.default\">\n\t\t\t\t<div class=\"elementor-widget-container\">\n\t\t\t\t\t\t\t\t\t<p><strong>CLASSIFICADES SEGONS LA SEVA TITULARITAT<\/strong><\/p>\t\t\t\t\t\t\t\t<\/div>\n\t\t\t\t<\/div>\n\t\t\t\t<div class=\"elementor-element elementor-element-3f4895b elementor-widget elementor-widget-text-editor\" data-id=\"3f4895b\" data-element_type=\"widget\" data-widget_type=\"text-editor.default\">\n\t\t\t\t<div class=\"elementor-widget-container\">\n\t\t\t\t\t\t\t\t\t<p>Cookies pr\u00f2pies: enviades i gestionades directament per Mireia N\u00fa\u00f1ez de Prado.<br>Cookies de tercers: enviades i gestionades per un tercer ali\u00e8 a Mireia N\u00fa\u00f1ez de Prado, de forma an\u00f2nima, per tal de realitzar estudis estad\u00edstics de navegaci\u00f3 per les p\u00e0gines web de Mireia N\u00fa\u00f1ez de Prado.<\/p>\t\t\t\t\t\t\t\t<\/div>\n\t\t\t\t<\/div>\n\t\t\t\t<div class=\"elementor-element elementor-element-45fa3c8 elementor-widget elementor-widget-text-editor\" data-id=\"45fa3c8\" data-element_type=\"widget\" data-widget_type=\"text-editor.default\">\n\t\t\t\t<div class=\"elementor-widget-container\">\n\t\t\t\t\t\t\t\t\t<p><strong>CLASSIFICADES SEGONS LA SEVA FINALITAT<\/strong><\/p>\t\t\t\t\t\t\t\t<\/div>\n\t\t\t\t<\/div>\n\t\t\t\t<div class=\"elementor-element elementor-element-3776cc5 elementor-widget elementor-widget-text-editor\" data-id=\"3776cc5\" data-element_type=\"widget\" data-widget_type=\"text-editor.default\">\n\t\t\t\t<div class=\"elementor-widget-container\">\n\t\t\t\t\t\t\t\t\t<p>Cookies t\u00e8cniques i\/o de personalitzaci\u00f3: faciliten la navegaci\u00f3 en identificar la sessi\u00f3, permetre l&#8217;acc\u00e9s a eines d&#8217;acc\u00e9s restringit, a m\u00e9s de configurar a mida les opcions disponibles. Possibiliten la prestaci\u00f3 del servei pr\u00e8viament demanat per l&#8217; usuari.<br>Cookies d&#8217;an\u00e0lisi i\/o publicitat: permeten con\u00e8ixer el nombre de visites rebudes en les diferents seccions de les p\u00e0gines web, els h\u00e0bits i tend\u00e8ncies dels seus usuaris i en conseq\u00fc\u00e8ncia, poder millorar la navegaci\u00f3 i el servei ofert per Mireia N\u00fa\u00f1ez de Prado (fonamentalment, Google Analytics), aix\u00ed com gestionar els espais publicitaris inclosos en la p\u00e0gina web visitada per l&#8217;usuari. Recull dades de forma an\u00f2nima per tal d&#8217; obtenir perfils de navegaci\u00f3 dels usuaris.  <\/p>\t\t\t\t\t\t\t\t<\/div>\n\t\t\t\t<\/div>\n\t\t\t\t<div class=\"elementor-element elementor-element-127c1a9 elementor-widget elementor-widget-text-editor\" data-id=\"127c1a9\" data-element_type=\"widget\" data-widget_type=\"text-editor.default\">\n\t\t\t\t<div class=\"elementor-widget-container\">\n\t\t\t\t\t\t\t\t\t<p><strong>CLASSIFICADES SEGONS LA SEVA DURADA<\/strong><\/p>\t\t\t\t\t\t\t\t<\/div>\n\t\t\t\t<\/div>\n\t\t\t\t<div class=\"elementor-element elementor-element-5b7c488 elementor-widget elementor-widget-text-editor\" data-id=\"5b7c488\" data-element_type=\"widget\" data-widget_type=\"text-editor.default\">\n\t\t\t\t<div class=\"elementor-widget-container\">\n\t\t\t\t\t\t\t\t\t<p>Cookies de sessi\u00f3: recullen i emmagatzemen les dades mentre l&#8217;usuari accedeix a la p\u00e0gina web.<br>Cookies persistents: recaven i emmagatzemen les dades en el terminal de l&#8217;usuari durant un per\u00edode de temps variable en funci\u00f3 de quina sigui la finalitat per a la qual han estat utilitzades.<br>El temps de conservaci\u00f3 de les cookies dependr\u00e0 del tipus de qu\u00e8 es tracti i ser\u00e0 sempre el m\u00ednim indispensable per complir la seva finalitat.<\/p>\t\t\t\t\t\t\t\t<\/div>\n\t\t\t\t<\/div>\n\t\t\t\t<div class=\"elementor-element elementor-element-be84891 elementor-widget elementor-widget-text-editor\" data-id=\"be84891\" data-element_type=\"widget\" data-widget_type=\"text-editor.default\">\n\t\t\t\t<div class=\"elementor-widget-container\">\n\t\t\t\t\t\t\t\t\t<p>En qualsevol cas, els usuaris poden configurar el seu navegador, de manera que es desactivi o bloquegi la recepci\u00f3 de totes o algunes de les cookies. No desitjar rebre aquestes cookies, no constitueix un impediment per poder accedir a la informaci\u00f3 dels llocs web de Mireia N\u00fa\u00f1ez de Prado tot i que l&#8217;\u00fas d&#8217;alguns serveis podr\u00e0 ser limitat. Si un cop atorgat el consentiment per a la recepci\u00f3 de cookies es vol retirar-lo, s&#8217;eliminaran aquelles cookies emmagatzemades a l&#8217;equip de l&#8217;usuari, a trav\u00e9s de les opcions dels diferents navegadors.  <\/p>\t\t\t\t\t\t\t\t<\/div>\n\t\t\t\t<\/div>\n\t\t\t\t<div class=\"elementor-element elementor-element-aa60dca elementor-widget elementor-widget-text-editor\" data-id=\"aa60dca\" data-element_type=\"widget\" data-widget_type=\"text-editor.default\">\n\t\t\t\t<div class=\"elementor-widget-container\">\n\t\t\t\t\t\t\t\t\t<p>La forma de configurar els diferents navegadors per exercitar les accions assenyalades en els par\u00e0grafs anteriors, es pot consultar en:<\/p>\t\t\t\t\t\t\t\t<\/div>\n\t\t\t\t<\/div>\n\t\t\t\t<div class=\"elementor-element elementor-element-5891e01 elementor-widget elementor-widget-text-editor\" data-id=\"5891e01\" data-element_type=\"widget\" data-widget_type=\"text-editor.default\">\n\t\t\t\t<div class=\"elementor-widget-container\">\n\t\t\t\t\t\t\t\t\t<p>Explorer: https:\/\/support.microsoft.com\/es-es\/help\/17479\/windows-internet-explorer-11-change-security-privacy-settings<br>Chrome: https:\/\/support.google.com\/chrome\/answer\/95647?hl=es<br>Firefox: http:\/\/support.mozilla.org\/es\/kb\/cookies-informacion-que-los-sitios-web-guardan-en-?redirectlocale=en-US&amp;redirectslug=Cookies<br>Safari: https:\/\/support.apple.com\/kb\/ph21411?locale=es_ES<\/p>\t\t\t\t\t\t\t\t<\/div>\n\t\t\t\t<\/div>\n\t\t\t\t<div class=\"elementor-element elementor-element-9aa4c31 elementor-widget elementor-widget-text-editor\" data-id=\"9aa4c31\" data-element_type=\"widget\" data-widget_type=\"text-editor.default\">\n\t\t\t\t<div class=\"elementor-widget-container\">\n\t\t\t\t\t\t\t\t\t<p><strong>GOOGLE ANALYTICS<\/strong><\/p>\t\t\t\t\t\t\t\t<\/div>\n\t\t\t\t<\/div>\n\t\t\t\t<div class=\"elementor-element elementor-element-346e960 elementor-widget elementor-widget-text-editor\" data-id=\"346e960\" data-element_type=\"widget\" data-widget_type=\"text-editor.default\">\n\t\t\t\t<div class=\"elementor-widget-container\">\n\t\t\t\t\t\t\t\t\t<p>Aquesta p\u00e0gina web utilitza Google Analytics, un servei anal\u00edtic web proporcionat per Google, Inc. (Google, ara en endavant). Google Analytics utilitza les anomenades &#8220;cookies&#8221;, arxius de text que s&#8217;instal\u00b7len a l&#8217;ordinador i que fan possible l&#8217;an\u00e0lisi del comportament dels usuaris a Internet. La informaci\u00f3 que genera la cookie sobre l&#8217;\u00fas que realitza l&#8217;usuari de la p\u00e0gina web es transmet i emmagatzema generalment en els servidors de Google dels Estats Units. En cas d&#8217; activar l&#8217; opci\u00f3 d&#8217; IP an\u00f2nima a la p\u00e0gina web, l&#8217; adre\u00e7a IP no apareixer\u00e0 completa dins dels pa\u00efsos de la Uni\u00f3 Europea o als altres pa\u00efsos que aix\u00ed ho hagin acordat dins l&#8217; espai econ\u00f2mic de la Uni\u00f3 Europea.    <\/p>\t\t\t\t\t\t\t\t<\/div>\n\t\t\t\t<\/div>\n\t\t\t\t<div class=\"elementor-element elementor-element-064e437 elementor-widget elementor-widget-text-editor\" data-id=\"064e437\" data-element_type=\"widget\" data-widget_type=\"text-editor.default\">\n\t\t\t\t<div class=\"elementor-widget-container\">\n\t\t\t\t\t\t\t\t\t<p>Nom\u00e9s excepcionalment es transmetr\u00e0 l&#8217;adre\u00e7a IP completa a un servidor de Google als Estats Units i un cop all\u00e0 s&#8217;escur\u00e7ar\u00e0. \u00danicament amb autoritzaci\u00f3 de l&#8217;usuari de la p\u00e0gina, Google utilitzar\u00e0 aquesta informaci\u00f3 per valorar el comportament de l&#8217;usuari a la p\u00e0gina web, generar informes sobre les activitats de la p\u00e0gina i oferir al propietari de la p\u00e0gina serveis relacionats amb l&#8217;\u00fas web i d&#8217;Internet. L&#8217;adre\u00e7a IP transmesa pel seu navegador en el marc de Google Analytics no s&#8217;associar\u00e0 a altres dades de Google. L&#8217;usuari pot evitar l&#8217;emmagatzematge de cookies configurant el navegador corresponentment de manera que no s&#8217;emmagatzemin les cookies. Aquesta configuraci\u00f3 pot afectar la plena funcionalitat de la p\u00e0gina web. Amb l&#8217;\u00fas d&#8217;aquesta web, l&#8217;usuari est\u00e0 d&#8217;acord amb el processament de dades per Google de la forma anteriorment esmentada. L&#8217;usuari tamb\u00e9 pot evitar el registre de les dades generades per les cookies i dels relacionats amb l&#8217;\u00fas de la p\u00e0gina web (inclosa l&#8217;adre\u00e7a IP), aix\u00ed com el processament dels mateixos descarregant i instal\u00b7lant el seg\u00fcent plugin per al navegador disponible a trav\u00e9s d&#8217;aquest link: http:\/\/tools.google.com\/dlpage\/gaoptout      <\/p>\t\t\t\t\t\t\t\t<\/div>\n\t\t\t\t<\/div>\n\t\t\t\t<div class=\"elementor-element elementor-element-737758d elementor-widget elementor-widget-text-editor\" data-id=\"737758d\" data-element_type=\"widget\" data-widget_type=\"text-editor.default\">\n\t\t\t\t<div class=\"elementor-widget-container\">\n\t\t\t\t\t\t\t\t\t<p>Obtingui m\u00e9s informaci\u00f3 sobre els termes i condicions d&#8217;\u00fas i pol\u00edtica de privacitat en les condicions d&#8217;\u00fas de Google Analytics o en les condicions generals de Google Analytics. Tingueu en compte que en aquesta p\u00e0gina el codi de Google analytics inclou l&#8217;etiqueta &#8220;gat._anonymizeIp();&#8221;, que assegura la recol\u00b7lecci\u00f3 d&#8217;adreces IP de forma an\u00f2nima (m\u00e0scara d&#8217;IP). <\/p>\t\t\t\t\t\t\t\t<\/div>\n\t\t\t\t<\/div>\n\t\t\t\t\t<\/div>\n\t\t<\/div>\n\t\t\t\t\t<\/div>\n\t\t<\/section>\n\t\t\t\t<\/div>\n\t\t","protected":false},"excerpt":{"rendered":"<p>Mireia N\u00fa\u00f1ez de Prado, a trav\u00e9s del present document, recull la seva Pol\u00edtica de recollida i tractament de cookies, en compliment del que disposa l&#8217;article 22.2 de la Llei 34\/2002, d&#8217;11 de juliol, de Serveis de la societat de la Informaci\u00f3 i de Comer\u00e7 Electr\u00f2nic&#8230;<\/p>\n","protected":false},"author":1,"featured_media":0,"parent":0,"menu_order":0,"comment_status":"closed","ping_status":"closed","template":"","meta":{"_acf_changed":false,"_monsterinsights_skip_tracking":false,"_monsterinsights_sitenote_active":false,"_monsterinsights_sitenote_note":"","_monsterinsights_sitenote_category":0,"footnotes":""},"class_list":["post-2545","page","type-page","status-publish","hentry"],"acf":[],"yoast_head":"<!-- This site is optimized with the Yoast SEO plugin v25.5 - https:\/\/yoast.com\/wordpress\/plugins\/seo\/ -->\n<title>Pol\u00edtica de cookies - MNDP Innova<\/title>\n<meta name=\"robots\" content=\"noindex, nofollow\" \/>\n<meta property=\"og:locale\" content=\"ca_ES\" \/>\n<meta property=\"og:type\" content=\"article\" \/>\n<meta property=\"og:title\" content=\"Pol\u00edtica de cookies - MNDP Innova\" \/>\n<meta property=\"og:description\" content=\"Mireia N\u00fa\u00f1ez de Prado, a trav\u00e9s del present document, recull la seva Pol\u00edtica de recollida i tractament de cookies, en compliment del que disposa l&#8217;article 22.2 de la Llei 34\/2002, d&#8217;11 de juliol, de Serveis de la societat de la Informaci\u00f3 i de Comer\u00e7 Electr\u00f2nic...\" \/>\n<meta property=\"og:url\" content=\"https:\/\/www.mndpinnova.com\/ca\/politica-de-cookies\/\" \/>\n<meta property=\"og:site_name\" content=\"MNDP Innova\" \/>\n<meta property=\"article:modified_time\" content=\"2025-07-31T10:20:43+00:00\" \/>\n<meta name=\"twitter:card\" content=\"summary_large_image\" \/>\n<meta name=\"twitter:label1\" content=\"Temps estimat de lectura\" \/>\n\t<meta name=\"twitter:data1\" content=\"6 minuts\" \/>\n<script type=\"application\/ld+json\" class=\"yoast-schema-graph\">{\"@context\":\"https:\/\/schema.org\",\"@graph\":[{\"@type\":\"WebPage\",\"@id\":\"https:\/\/www.mndpinnova.com\/ca\/politica-de-cookies\/\",\"url\":\"https:\/\/www.mndpinnova.com\/ca\/politica-de-cookies\/\",\"name\":\"Pol\u00edtica de cookies - MNDP Innova\",\"isPartOf\":{\"@id\":\"https:\/\/www.mndpinnova.com\/ca\/#website\"},\"datePublished\":\"2024-02-21T12:15:24+00:00\",\"dateModified\":\"2025-07-31T10:20:43+00:00\",\"breadcrumb\":{\"@id\":\"https:\/\/www.mndpinnova.com\/ca\/politica-de-cookies\/#breadcrumb\"},\"inLanguage\":\"ca\",\"potentialAction\":[{\"@type\":\"ReadAction\",\"target\":[\"https:\/\/www.mndpinnova.com\/ca\/politica-de-cookies\/\"]}]},{\"@type\":\"BreadcrumbList\",\"@id\":\"https:\/\/www.mndpinnova.com\/ca\/politica-de-cookies\/#breadcrumb\",\"itemListElement\":[{\"@type\":\"ListItem\",\"position\":1,\"name\":\"Home\",\"item\":\"https:\/\/www.mndpinnova.com\/ca\/inici\/\"},{\"@type\":\"ListItem\",\"position\":2,\"name\":\"Pol\u00edtica de cookies\"}]},{\"@type\":\"WebSite\",\"@id\":\"https:\/\/www.mndpinnova.com\/ca\/#website\",\"url\":\"https:\/\/www.mndpinnova.com\/ca\/\",\"name\":\"MNDP Innova\",\"description\":\"\",\"potentialAction\":[{\"@type\":\"SearchAction\",\"target\":{\"@type\":\"EntryPoint\",\"urlTemplate\":\"https:\/\/www.mndpinnova.com\/ca\/?s={search_term_string}\"},\"query-input\":{\"@type\":\"PropertyValueSpecification\",\"valueRequired\":true,\"valueName\":\"search_term_string\"}}],\"inLanguage\":\"ca\"}]}<\/script>\n<!-- \/ Yoast SEO plugin. -->","yoast_head_json":{"title":"Pol\u00edtica de cookies - MNDP Innova","robots":{"index":"noindex","follow":"nofollow"},"og_locale":"ca_ES","og_type":"article","og_title":"Pol\u00edtica de cookies - MNDP Innova","og_description":"Mireia N\u00fa\u00f1ez de Prado, a trav\u00e9s del present document, recull la seva Pol\u00edtica de recollida i tractament de cookies, en compliment del que disposa l&#8217;article 22.2 de la Llei 34\/2002, d&#8217;11 de juliol, de Serveis de la societat de la Informaci\u00f3 i de Comer\u00e7 Electr\u00f2nic...","og_url":"https:\/\/www.mndpinnova.com\/ca\/politica-de-cookies\/","og_site_name":"MNDP Innova","article_modified_time":"2025-07-31T10:20:43+00:00","twitter_card":"summary_large_image","twitter_misc":{"Temps estimat de lectura":"6 minuts"},"schema":{"@context":"https:\/\/schema.org","@graph":[{"@type":"WebPage","@id":"https:\/\/www.mndpinnova.com\/ca\/politica-de-cookies\/","url":"https:\/\/www.mndpinnova.com\/ca\/politica-de-cookies\/","name":"Pol\u00edtica de cookies - MNDP Innova","isPartOf":{"@id":"https:\/\/www.mndpinnova.com\/ca\/#website"},"datePublished":"2024-02-21T12:15:24+00:00","dateModified":"2025-07-31T10:20:43+00:00","breadcrumb":{"@id":"https:\/\/www.mndpinnova.com\/ca\/politica-de-cookies\/#breadcrumb"},"inLanguage":"ca","potentialAction":[{"@type":"ReadAction","target":["https:\/\/www.mndpinnova.com\/ca\/politica-de-cookies\/"]}]},{"@type":"BreadcrumbList","@id":"https:\/\/www.mndpinnova.com\/ca\/politica-de-cookies\/#breadcrumb","itemListElement":[{"@type":"ListItem","position":1,"name":"Home","item":"https:\/\/www.mndpinnova.com\/ca\/inici\/"},{"@type":"ListItem","position":2,"name":"Pol\u00edtica de cookies"}]},{"@type":"WebSite","@id":"https:\/\/www.mndpinnova.com\/ca\/#website","url":"https:\/\/www.mndpinnova.com\/ca\/","name":"MNDP Innova","description":"","potentialAction":[{"@type":"SearchAction","target":{"@type":"EntryPoint","urlTemplate":"https:\/\/www.mndpinnova.com\/ca\/?s={search_term_string}"},"query-input":{"@type":"PropertyValueSpecification","valueRequired":true,"valueName":"search_term_string"}}],"inLanguage":"ca"}]}},"_links":{"self":[{"href":"https:\/\/www.mndpinnova.com\/ca\/wp-json\/wp\/v2\/pages\/2545","targetHints":{"allow":["GET"]}}],"collection":[{"href":"https:\/\/www.mndpinnova.com\/ca\/wp-json\/wp\/v2\/pages"}],"about":[{"href":"https:\/\/www.mndpinnova.com\/ca\/wp-json\/wp\/v2\/types\/page"}],"author":[{"embeddable":true,"href":"https:\/\/www.mndpinnova.com\/ca\/wp-json\/wp\/v2\/users\/1"}],"replies":[{"embeddable":true,"href":"https:\/\/www.mndpinnova.com\/ca\/wp-json\/wp\/v2\/comments?post=2545"}],"version-history":[{"count":1,"href":"https:\/\/www.mndpinnova.com\/ca\/wp-json\/wp\/v2\/pages\/2545\/revisions"}],"predecessor-version":[{"id":2546,"href":"https:\/\/www.mndpinnova.com\/ca\/wp-json\/wp\/v2\/pages\/2545\/revisions\/2546"}],"wp:attachment":[{"href":"https:\/\/www.mndpinnova.com\/ca\/wp-json\/wp\/v2\/media?parent=2545"}],"curies":[{"name":"wp","href":"https:\/\/api.w.org\/{rel}","templated":true}]}}