{"id":2543,"date":"2024-02-21T12:21:46","date_gmt":"2024-02-21T12:21:46","guid":{"rendered":"https:\/\/www.mndpinnova.com\/avis-legal\/"},"modified":"2025-07-31T10:20:06","modified_gmt":"2025-07-31T10:20:06","slug":"avis-legal","status":"publish","type":"page","link":"https:\/\/www.mndpinnova.com\/ca\/avis-legal\/","title":{"rendered":"Av\u00eds legal"},"content":{"rendered":"\t\t<div data-elementor-type=\"wp-page\" data-elementor-id=\"2543\" class=\"elementor elementor-2543 elementor-1513\">\n\t\t\t\t\t\t<section class=\"elementor-section elementor-top-section elementor-element elementor-element-7023561c elementor-section-boxed elementor-section-height-default elementor-section-height-default parallax_section_no qode_elementor_container_no\" data-id=\"7023561c\" data-element_type=\"section\">\n\t\t\t\t\t\t<div class=\"elementor-container elementor-column-gap-default\">\n\t\t\t\t\t<div class=\"elementor-column elementor-col-100 elementor-top-column elementor-element elementor-element-2677c087\" data-id=\"2677c087\" data-element_type=\"column\">\n\t\t\t<div class=\"elementor-widget-wrap elementor-element-populated\">\n\t\t\t\t\t\t<div class=\"elementor-element elementor-element-fcd2a25 elementor-widget elementor-widget-text-editor\" data-id=\"fcd2a25\" data-element_type=\"widget\" data-widget_type=\"text-editor.default\">\n\t\t\t\t<div class=\"elementor-widget-container\">\n\t\t\t\t\t\t\t\t\t<p>En compliment de l&#8217;article 10 de la Llei 34\/2002, d&#8217;11 de juliol, de Serveis de la Societat de la Informaci\u00f3 i Comer\u00e7 Electr\u00f2nic (LSSI-CE) a continuaci\u00f3 es detallen les dades identificatives de l&#8217;empresa:<\/p>\t\t\t\t\t\t\t\t<\/div>\n\t\t\t\t<\/div>\n\t\t\t\t<div class=\"elementor-element elementor-element-334e353 elementor-widget elementor-widget-text-editor\" data-id=\"334e353\" data-element_type=\"widget\" data-widget_type=\"text-editor.default\">\n\t\t\t\t<div class=\"elementor-widget-container\">\n\t\t\t\t\t\t\t\t\t<p>NOM D&#8217; EMPRESA<br>Ra\u00f3 social: <span class=\" author-d-1gg9uz65z1iz85zgdz68zmqkz84zo2qoxw4ntjz86zq1dau9z85z2z77zlid1u0z85zz67zz87zz66zz65zjz76z8z84zz80z\">Mireia N\u00fa\u00f1ez de Prado<\/span><br>DNI: 44002933T<br>Adre\u00e7a: c\/Vilassar de Dalt num 2, local 3, 08188 Vallromanes (Barcelona)<br>Tel\u00e8fon: + 34 630 401 735<br>Email: hola@mndpinnova.com<\/p>\t\t\t\t\t\t\t\t<\/div>\n\t\t\t\t<\/div>\n\t\t\t\t<div class=\"elementor-element elementor-element-95e44d3 elementor-widget elementor-widget-text-editor\" data-id=\"95e44d3\" data-element_type=\"widget\" data-widget_type=\"text-editor.default\">\n\t\t\t\t<div class=\"elementor-widget-container\">\n\t\t\t\t\t\t\t\t\t<p><strong>FINALITAT DE LA P\u00c0GINA WEB<\/strong><\/p>\t\t\t\t\t\t\t\t<\/div>\n\t\t\t\t<\/div>\n\t\t\t\t<div class=\"elementor-element elementor-element-db21630 elementor-widget elementor-widget-text-editor\" data-id=\"db21630\" data-element_type=\"widget\" data-widget_type=\"text-editor.default\">\n\t\t\t\t<div class=\"elementor-widget-container\">\n\t\t\t\t\t\t\t\t\t<p>La finalitat d&#8217;aquesta web \u00e9s atendre les seves consultes i peticions.<\/p>\t\t\t\t\t\t\t\t<\/div>\n\t\t\t\t<\/div>\n\t\t\t\t<div class=\"elementor-element elementor-element-044b267 elementor-widget elementor-widget-text-editor\" data-id=\"044b267\" data-element_type=\"widget\" data-widget_type=\"text-editor.default\">\n\t\t\t\t<div class=\"elementor-widget-container\">\n\t\t\t\t\t\t\t\t\t<p>El present av\u00eds legal (d&#8217;ara endavant, \u00abAv\u00eds Legal\u00bb) regula l&#8217;\u00fas del lloc web: www.mndpinnova.com<\/p>\t\t\t\t\t\t\t\t<\/div>\n\t\t\t\t<\/div>\n\t\t\t\t<div class=\"elementor-element elementor-element-c602ebe elementor-widget elementor-widget-text-editor\" data-id=\"c602ebe\" data-element_type=\"widget\" data-widget_type=\"text-editor.default\">\n\t\t\t\t<div class=\"elementor-widget-container\">\n\t\t\t\t\t\t\t\t\t<p><strong>LEGISLACI\u00d3<\/strong><\/p>\t\t\t\t\t\t\t\t<\/div>\n\t\t\t\t<\/div>\n\t\t\t\t<div class=\"elementor-element elementor-element-501401f elementor-widget elementor-widget-text-editor\" data-id=\"501401f\" data-element_type=\"widget\" data-widget_type=\"text-editor.default\">\n\t\t\t\t<div class=\"elementor-widget-container\">\n\t\t\t\t\t\t\t\t\t<p>Amb car\u00e0cter general les relacions entre Mireia N\u00fa\u00f1ez de Prado amb els usuaris dels seus serveis telem\u00e0tics, presents en aquest lloc web, es troben sotmeses a la legislaci\u00f3 i jurisdicci\u00f3 espanyoles.<\/p>\t\t\t\t\t\t\t\t<\/div>\n\t\t\t\t<\/div>\n\t\t\t\t<div class=\"elementor-element elementor-element-b8d2b25 elementor-widget elementor-widget-text-editor\" data-id=\"b8d2b25\" data-element_type=\"widget\" data-widget_type=\"text-editor.default\">\n\t\t\t\t<div class=\"elementor-widget-container\">\n\t\t\t\t\t\t\t\t\t<p><strong>\u00daS I ACCES D&#8217; USUARIS<\/strong><\/p>\t\t\t\t\t\t\t\t<\/div>\n\t\t\t\t<\/div>\n\t\t\t\t<div class=\"elementor-element elementor-element-3815f06 elementor-widget elementor-widget-text-editor\" data-id=\"3815f06\" data-element_type=\"widget\" data-widget_type=\"text-editor.default\">\n\t\t\t\t<div class=\"elementor-widget-container\">\n\t\t\t\t\t\t\t\t\t<p>L&#8217;Usuari queda informat, i accepta, que l&#8217;acc\u00e9s a la present web no suposa, de cap manera, l&#8217;inici d&#8217;una relaci\u00f3 comercial amb <span class=\" author-d-1gg9uz65z1iz85zgdz68zmqkz84zo2qoxw4ntjz86zq1dau9z85z2z77zlid1u0z85zz67zz87zz66zz65zjz76z8z84zz80z\">Mireia N\u00fa\u00f1ez de Prado <\/span>o qualsevol altra delegaci\u00f3.<\/p>\t\t\t\t\t\t\t\t<\/div>\n\t\t\t\t<\/div>\n\t\t\t\t<div class=\"elementor-element elementor-element-8c71362 elementor-widget elementor-widget-text-editor\" data-id=\"8c71362\" data-element_type=\"widget\" data-widget_type=\"text-editor.default\">\n\t\t\t\t<div class=\"elementor-widget-container\">\n\t\t\t\t\t\t\t\t\t<p>L&#8217;Usuari queda informat, i accepta, que l&#8217;acc\u00e9s a la present web no suposa, de cap manera, l&#8217;inici d&#8217;una relaci\u00f3 comercial amb <span class=\" author-d-1gg9uz65z1iz85zgdz68zmqkz84zo2qoxw4ntjz86zq1dau9z85z2z77zlid1u0z85zz67zz87zz66zz65zjz76z8z84zz80z\">Mireia N\u00fa\u00f1ez de Prado <\/span>o qualsevol altra delegaci\u00f3.<\/p>\t\t\t\t\t\t\t\t<\/div>\n\t\t\t\t<\/div>\n\t\t\t\t<div class=\"elementor-element elementor-element-70a0179 elementor-widget elementor-widget-text-editor\" data-id=\"70a0179\" data-element_type=\"widget\" data-widget_type=\"text-editor.default\">\n\t\t\t\t<div class=\"elementor-widget-container\">\n\t\t\t\t\t\t\t\t\t<p><strong>PROPIETAT INTEL\u00b7LECTUAL I INDUSTRIAL<\/strong><\/p>\t\t\t\t\t\t\t\t<\/div>\n\t\t\t\t<\/div>\n\t\t\t\t<div class=\"elementor-element elementor-element-8b7dbc6 elementor-widget elementor-widget-text-editor\" data-id=\"8b7dbc6\" data-element_type=\"widget\" data-widget_type=\"text-editor.default\">\n\t\t\t\t<div class=\"elementor-widget-container\">\n\t\t\t\t\t\t\t\t\t<p>Els drets de propietat intel\u00b7lectual del contingut de les p\u00e0gines web, el seu disseny gr\u00e0fic i codis s\u00f3n titularitat de <span class=\" author-d-1gg9uz65z1iz85zgdz68zmqkz84zo2qoxw4ntjz86zq1dau9z85z2z77zlid1u0z85zz67zz87zz66zz65zjz76z8z84zz80z\">Mireia N\u00fa\u00f1ez de Prado <\/span>i, per tant, queda prohibida la seva reproducci\u00f3, distribuci\u00f3, comunicaci\u00f3 p\u00fablica, transformaci\u00f3 o qualsevol altra activitat que es pretengui realitzar amb els continguts de les seves p\u00e0gines web ni a fi i efecte de citar les seves fonts,  llevat de consentiment per escrit de la mateixa.<\/p>\t\t\t\t\t\t\t\t<\/div>\n\t\t\t\t<\/div>\n\t\t\t\t<div class=\"elementor-element elementor-element-2afd226 elementor-widget elementor-widget-text-editor\" data-id=\"2afd226\" data-element_type=\"widget\" data-widget_type=\"text-editor.default\">\n\t\t\t\t<div class=\"elementor-widget-container\">\n\t\t\t\t\t\t\t\t\t<p><strong>CONTINGUT DE LA WEB I ENLLA\u00c7OS (LINKS)<\/strong><\/p>\t\t\t\t\t\t\t\t<\/div>\n\t\t\t\t<\/div>\n\t\t\t\t<div class=\"elementor-element elementor-element-1ff45ea elementor-widget elementor-widget-text-editor\" data-id=\"1ff45ea\" data-element_type=\"widget\" data-widget_type=\"text-editor.default\">\n\t\t\t\t<div class=\"elementor-widget-container\">\n\t\t\t\t\t\t\t\t\t<p><span class=\" author-d-1gg9uz65z1iz85zgdz68zmqkz84zo2qoxw4ntjz86zq1dau9z85z2z77zlid1u0z85zz67zz87zz66zz65zjz76z8z84zz80z\">Mireia N\u00fa\u00f1ez de Prado <\/span>es reserva el dret a actualitzar, modificar o eliminar la informaci\u00f3 continguda a les seves p\u00e0gines web podent limitar o no permetre l&#8217;acc\u00e9s a aquesta informaci\u00f3 a certs usuaris.<\/p>\t\t\t\t\t\t\t\t<\/div>\n\t\t\t\t<\/div>\n\t\t\t\t<div class=\"elementor-element elementor-element-83b79c9 elementor-widget elementor-widget-text-editor\" data-id=\"83b79c9\" data-element_type=\"widget\" data-widget_type=\"text-editor.default\">\n\t\t\t\t<div class=\"elementor-widget-container\">\n\t\t\t\t\t\t\t\t\t<p><span class=\" author-d-1gg9uz65z1iz85zgdz68zmqkz84zo2qoxw4ntjz86zq1dau9z85z2z77zlid1u0z85zz67zz87zz66zz65zjz76z8z84zz80z\">Mireia N\u00fa\u00f1ez de Prado <\/span>no assumeix cap responsabilitat per la informaci\u00f3 continguda en p\u00e0gines web de tercers a les quals es pugui accedir per \u00ablinks\u00bb o enlla\u00e7os des de qualsevol p\u00e0gina web propietat de <span class=\" author-d-1gg9uz65z1iz85zgdz68zmqkz84zo2qoxw4ntjz86zq1dau9z85z2z77zlid1u0z85zz67zz87zz66zz65zjz76z8z84zz80z\">Mireia N\u00fa\u00f1ez de Prado<\/span>. La pres\u00e8ncia de \u00ablinks\u00bb o enlla\u00e7os a les p\u00e0gines t\u00e9 finalitat merament informativa i en el seu cas, invitaci\u00f3 o recomanaci\u00f3.<\/p>\t\t\t\t\t\t\t\t<\/div>\n\t\t\t\t<\/div>\n\t\t\t\t<div class=\"elementor-element elementor-element-2511ecc elementor-widget elementor-widget-text-editor\" data-id=\"2511ecc\" data-element_type=\"widget\" data-widget_type=\"text-editor.default\">\n\t\t\t\t<div class=\"elementor-widget-container\">\n\t\t\t\t\t\t\t\t\t<p><strong>ACCESSIBILITAT<\/strong><\/p>\t\t\t\t\t\t\t\t<\/div>\n\t\t\t\t<\/div>\n\t\t\t\t<div class=\"elementor-element elementor-element-0dab84c elementor-widget elementor-widget-text-editor\" data-id=\"0dab84c\" data-element_type=\"widget\" data-widget_type=\"text-editor.default\">\n\t\t\t\t<div class=\"elementor-widget-container\">\n\t\t\t\t\t\t\t\t\t<p>Ens hem comprom\u00e8s a fer accessible el nostre lloc web complint el nivell AA de les Pautes WCAG-2.1.<\/p>\t\t\t\t\t\t\t\t<\/div>\n\t\t\t\t<\/div>\n\t\t\t\t<div class=\"elementor-element elementor-element-40e43cd elementor-widget elementor-widget-text-editor\" data-id=\"40e43cd\" data-element_type=\"widget\" data-widget_type=\"text-editor.default\">\n\t\t\t\t<div class=\"elementor-widget-container\">\n\t\t\t\t\t\t\t\t\t<p>La present declaraci\u00f3 d&#8217;accessibilitat s&#8217;aplica al present lloc web.<\/p>\t\t\t\t\t\t\t\t<\/div>\n\t\t\t\t<\/div>\n\t\t\t\t<div class=\"elementor-element elementor-element-b3b4233 elementor-widget elementor-widget-text-editor\" data-id=\"b3b4233\" data-element_type=\"widget\" data-widget_type=\"text-editor.default\">\n\t\t\t\t<div class=\"elementor-widget-container\">\n\t\t\t\t\t\t\t\t\t<p><strong>Contingut no accessible<\/strong><\/p>\t\t\t\t\t\t\t\t<\/div>\n\t\t\t\t<\/div>\n\t\t\t\t<div class=\"elementor-element elementor-element-5fce9d3 elementor-widget elementor-widget-text-editor\" data-id=\"5fce9d3\" data-element_type=\"widget\" data-widget_type=\"text-editor.default\">\n\t\t\t\t<div class=\"elementor-widget-container\">\n\t\t\t\t\t\t\t\t\t<p>Podrien existir documents ofim\u00e0tics en PDF i altres formats publicats posteriorment al 20 de setembre de 2018 que no compleixin en la seva totalitat els requisits d&#8217;accessibilitat.<br>Podrien existir errors de codi puntuals d&#8217;edici\u00f3 en alguna p\u00e0gina web.<\/p>\t\t\t\t\t\t\t\t<\/div>\n\t\t\t\t<\/div>\n\t\t\t\t<div class=\"elementor-element elementor-element-1b7b101 elementor-widget elementor-widget-text-editor\" data-id=\"1b7b101\" data-element_type=\"widget\" data-widget_type=\"text-editor.default\">\n\t\t\t\t<div class=\"elementor-widget-container\">\n\t\t\t\t\t\t\t\t\t<p><strong>Preparaci\u00f3 per a la seg\u00fcent declaraci\u00f3 d&#8217; accessibilitat<\/strong><\/p>\t\t\t\t\t\t\t\t<\/div>\n\t\t\t\t<\/div>\n\t\t\t\t<div class=\"elementor-element elementor-element-1a9086d elementor-widget elementor-widget-text-editor\" data-id=\"1a9086d\" data-element_type=\"widget\" data-widget_type=\"text-editor.default\">\n\t\t\t\t<div class=\"elementor-widget-container\">\n\t\t\t\t\t\t\t\t\t<p>Aquesta declaraci\u00f3 va ser preparada amb un m\u00e8tode d&#8217;autoavaluaci\u00f3 el 01 de febrer de 2023.<\/p>\t\t\t\t\t\t\t\t<\/div>\n\t\t\t\t<\/div>\n\t\t\t\t<div class=\"elementor-element elementor-element-450812e elementor-widget elementor-widget-text-editor\" data-id=\"450812e\" data-element_type=\"widget\" data-widget_type=\"text-editor.default\">\n\t\t\t\t<div class=\"elementor-widget-container\">\n\t\t\t\t\t\t\t\t\t<p><strong>Observacions i dades de contacte<\/strong><\/p>\t\t\t\t\t\t\t\t<\/div>\n\t\t\t\t<\/div>\n\t\t\t\t<div class=\"elementor-element elementor-element-36a2696 elementor-widget elementor-widget-text-editor\" data-id=\"36a2696\" data-element_type=\"widget\" data-widget_type=\"text-editor.default\">\n\t\t\t\t<div class=\"elementor-widget-container\">\n\t\t\t\t\t\t\t\t\t<p>Pot realitzar comunicacions sobre requisits d&#8217;accessibilitat a trav\u00e9s del formulari de contacte d&#8217;aquest lloc web o a trav\u00e9s del mail de contacte.<\/p>\t\t\t\t\t\t\t\t<\/div>\n\t\t\t\t<\/div>\n\t\t\t\t<div class=\"elementor-element elementor-element-0153664 elementor-widget elementor-widget-text-editor\" data-id=\"0153664\" data-element_type=\"widget\" data-widget_type=\"text-editor.default\">\n\t\t\t\t<div class=\"elementor-widget-container\">\n\t\t\t\t\t\t\t\t\t<p>En la Sol\u00b7licitud d&#8217;informaci\u00f3 accessible, s&#8217;ha de concretar, amb tota claredat, els fets, raons i petici\u00f3 que permetin constatar que es tracta d&#8217;una sol\u00b7licitud raonable i leg\u00edtima.<\/p>\t\t\t\t\t\t\t\t<\/div>\n\t\t\t\t<\/div>\n\t\t\t\t<div class=\"elementor-element elementor-element-ce5eb19 elementor-widget elementor-widget-text-editor\" data-id=\"ce5eb19\" data-element_type=\"widget\" data-widget_type=\"text-editor.default\">\n\t\t\t\t<div class=\"elementor-widget-container\">\n\t\t\t\t\t\t\t\t\t<p>Les aplicaci\u00f3 de les reclamacions sobre accessibilitat, es tindran en compte i possiblement quedaran aplicades en properes actualitzacions.<\/p>\t\t\t\t\t\t\t\t<\/div>\n\t\t\t\t<\/div>\n\t\t\t\t\t<\/div>\n\t\t<\/div>\n\t\t\t\t\t<\/div>\n\t\t<\/section>\n\t\t\t\t<\/div>\n\t\t","protected":false},"excerpt":{"rendered":"<p>En compliment de l&#8217;article 10 de la Llei 34\/2002, d&#8217;11 de juliol, de Serveis de la Societat de la Informaci\u00f3 i Comer\u00e7 Electr\u00f2nic (LSSI-CE) a continuaci\u00f3 es detallen les dades identificatives de l&#8217;empresa: NOM D&#8217; EMPRESARa\u00f3 social: Mireia N\u00fa\u00f1ez de PradoDNI: 44002933TAdre\u00e7a: c\/Vilassar de Dalt&#8230;<\/p>\n","protected":false},"author":1,"featured_media":0,"parent":0,"menu_order":0,"comment_status":"closed","ping_status":"closed","template":"","meta":{"_acf_changed":false,"_monsterinsights_skip_tracking":false,"_monsterinsights_sitenote_active":false,"_monsterinsights_sitenote_note":"","_monsterinsights_sitenote_category":0,"footnotes":""},"class_list":["post-2543","page","type-page","status-publish","hentry"],"acf":[],"yoast_head":"<!-- This site is optimized with the Yoast SEO plugin v25.5 - https:\/\/yoast.com\/wordpress\/plugins\/seo\/ -->\n<title>Av\u00eds legal - MNDP Innova<\/title>\n<meta name=\"robots\" content=\"noindex, nofollow\" \/>\n<meta property=\"og:locale\" content=\"ca_ES\" \/>\n<meta property=\"og:type\" content=\"article\" \/>\n<meta property=\"og:title\" content=\"Av\u00eds legal - MNDP Innova\" \/>\n<meta property=\"og:description\" content=\"En compliment de l&#8217;article 10 de la Llei 34\/2002, d&#8217;11 de juliol, de Serveis de la Societat de la Informaci\u00f3 i Comer\u00e7 Electr\u00f2nic (LSSI-CE) a continuaci\u00f3 es detallen les dades identificatives de l&#8217;empresa: NOM D&#8217; EMPRESARa\u00f3 social: Mireia N\u00fa\u00f1ez de PradoDNI: 44002933TAdre\u00e7a: c\/Vilassar de Dalt...\" \/>\n<meta property=\"og:url\" content=\"https:\/\/www.mndpinnova.com\/ca\/avis-legal\/\" \/>\n<meta property=\"og:site_name\" content=\"MNDP Innova\" \/>\n<meta property=\"article:modified_time\" content=\"2025-07-31T10:20:06+00:00\" \/>\n<meta name=\"twitter:card\" content=\"summary_large_image\" \/>\n<meta name=\"twitter:label1\" content=\"Temps estimat de lectura\" \/>\n\t<meta name=\"twitter:data1\" content=\"3 minuts\" \/>\n<script type=\"application\/ld+json\" class=\"yoast-schema-graph\">{\"@context\":\"https:\/\/schema.org\",\"@graph\":[{\"@type\":\"WebPage\",\"@id\":\"https:\/\/www.mndpinnova.com\/ca\/avis-legal\/\",\"url\":\"https:\/\/www.mndpinnova.com\/ca\/avis-legal\/\",\"name\":\"Av\u00eds legal - MNDP Innova\",\"isPartOf\":{\"@id\":\"https:\/\/www.mndpinnova.com\/ca\/#website\"},\"datePublished\":\"2024-02-21T12:21:46+00:00\",\"dateModified\":\"2025-07-31T10:20:06+00:00\",\"breadcrumb\":{\"@id\":\"https:\/\/www.mndpinnova.com\/ca\/avis-legal\/#breadcrumb\"},\"inLanguage\":\"ca\",\"potentialAction\":[{\"@type\":\"ReadAction\",\"target\":[\"https:\/\/www.mndpinnova.com\/ca\/avis-legal\/\"]}]},{\"@type\":\"BreadcrumbList\",\"@id\":\"https:\/\/www.mndpinnova.com\/ca\/avis-legal\/#breadcrumb\",\"itemListElement\":[{\"@type\":\"ListItem\",\"position\":1,\"name\":\"Home\",\"item\":\"https:\/\/www.mndpinnova.com\/ca\/inici\/\"},{\"@type\":\"ListItem\",\"position\":2,\"name\":\"Av\u00eds legal\"}]},{\"@type\":\"WebSite\",\"@id\":\"https:\/\/www.mndpinnova.com\/ca\/#website\",\"url\":\"https:\/\/www.mndpinnova.com\/ca\/\",\"name\":\"MNDP Innova\",\"description\":\"\",\"potentialAction\":[{\"@type\":\"SearchAction\",\"target\":{\"@type\":\"EntryPoint\",\"urlTemplate\":\"https:\/\/www.mndpinnova.com\/ca\/?s={search_term_string}\"},\"query-input\":{\"@type\":\"PropertyValueSpecification\",\"valueRequired\":true,\"valueName\":\"search_term_string\"}}],\"inLanguage\":\"ca\"}]}<\/script>\n<!-- \/ Yoast SEO plugin. -->","yoast_head_json":{"title":"Av\u00eds legal - MNDP Innova","robots":{"index":"noindex","follow":"nofollow"},"og_locale":"ca_ES","og_type":"article","og_title":"Av\u00eds legal - MNDP Innova","og_description":"En compliment de l&#8217;article 10 de la Llei 34\/2002, d&#8217;11 de juliol, de Serveis de la Societat de la Informaci\u00f3 i Comer\u00e7 Electr\u00f2nic (LSSI-CE) a continuaci\u00f3 es detallen les dades identificatives de l&#8217;empresa: NOM D&#8217; EMPRESARa\u00f3 social: Mireia N\u00fa\u00f1ez de PradoDNI: 44002933TAdre\u00e7a: c\/Vilassar de Dalt...","og_url":"https:\/\/www.mndpinnova.com\/ca\/avis-legal\/","og_site_name":"MNDP Innova","article_modified_time":"2025-07-31T10:20:06+00:00","twitter_card":"summary_large_image","twitter_misc":{"Temps estimat de lectura":"3 minuts"},"schema":{"@context":"https:\/\/schema.org","@graph":[{"@type":"WebPage","@id":"https:\/\/www.mndpinnova.com\/ca\/avis-legal\/","url":"https:\/\/www.mndpinnova.com\/ca\/avis-legal\/","name":"Av\u00eds legal - MNDP Innova","isPartOf":{"@id":"https:\/\/www.mndpinnova.com\/ca\/#website"},"datePublished":"2024-02-21T12:21:46+00:00","dateModified":"2025-07-31T10:20:06+00:00","breadcrumb":{"@id":"https:\/\/www.mndpinnova.com\/ca\/avis-legal\/#breadcrumb"},"inLanguage":"ca","potentialAction":[{"@type":"ReadAction","target":["https:\/\/www.mndpinnova.com\/ca\/avis-legal\/"]}]},{"@type":"BreadcrumbList","@id":"https:\/\/www.mndpinnova.com\/ca\/avis-legal\/#breadcrumb","itemListElement":[{"@type":"ListItem","position":1,"name":"Home","item":"https:\/\/www.mndpinnova.com\/ca\/inici\/"},{"@type":"ListItem","position":2,"name":"Av\u00eds legal"}]},{"@type":"WebSite","@id":"https:\/\/www.mndpinnova.com\/ca\/#website","url":"https:\/\/www.mndpinnova.com\/ca\/","name":"MNDP Innova","description":"","potentialAction":[{"@type":"SearchAction","target":{"@type":"EntryPoint","urlTemplate":"https:\/\/www.mndpinnova.com\/ca\/?s={search_term_string}"},"query-input":{"@type":"PropertyValueSpecification","valueRequired":true,"valueName":"search_term_string"}}],"inLanguage":"ca"}]}},"_links":{"self":[{"href":"https:\/\/www.mndpinnova.com\/ca\/wp-json\/wp\/v2\/pages\/2543","targetHints":{"allow":["GET"]}}],"collection":[{"href":"https:\/\/www.mndpinnova.com\/ca\/wp-json\/wp\/v2\/pages"}],"about":[{"href":"https:\/\/www.mndpinnova.com\/ca\/wp-json\/wp\/v2\/types\/page"}],"author":[{"embeddable":true,"href":"https:\/\/www.mndpinnova.com\/ca\/wp-json\/wp\/v2\/users\/1"}],"replies":[{"embeddable":true,"href":"https:\/\/www.mndpinnova.com\/ca\/wp-json\/wp\/v2\/comments?post=2543"}],"version-history":[{"count":1,"href":"https:\/\/www.mndpinnova.com\/ca\/wp-json\/wp\/v2\/pages\/2543\/revisions"}],"predecessor-version":[{"id":2544,"href":"https:\/\/www.mndpinnova.com\/ca\/wp-json\/wp\/v2\/pages\/2543\/revisions\/2544"}],"wp:attachment":[{"href":"https:\/\/www.mndpinnova.com\/ca\/wp-json\/wp\/v2\/media?parent=2543"}],"curies":[{"name":"wp","href":"https:\/\/api.w.org\/{rel}","templated":true}]}}