{"id":2516,"date":"2019-09-09T10:19:12","date_gmt":"2019-09-09T10:19:12","guid":{"rendered":"https:\/\/www.mndpinnova.com\/contacte\/"},"modified":"2025-07-31T10:14:03","modified_gmt":"2025-07-31T10:14:03","slug":"contacte","status":"publish","type":"page","link":"https:\/\/www.mndpinnova.com\/ca\/contacte\/","title":{"rendered":"Contacte"},"content":{"rendered":"\t\t<div data-elementor-type=\"wp-post\" data-elementor-id=\"2516\" class=\"elementor elementor-2516 elementor-335\">\n\t\t\t\t\t\t<section class=\"elementor-section elementor-top-section elementor-element elementor-element-c57cece elementor-section-boxed elementor-section-height-default elementor-section-height-default parallax_section_no qode_elementor_container_no\" data-id=\"c57cece\" data-element_type=\"section\">\n\t\t\t\t\t\t<div class=\"elementor-container elementor-column-gap-default\">\n\t\t\t\t\t<div class=\"elementor-column elementor-col-33 elementor-top-column elementor-element elementor-element-3cecba1\" data-id=\"3cecba1\" data-element_type=\"column\">\n\t\t\t<div class=\"elementor-widget-wrap elementor-element-populated\">\n\t\t\t\t\t\t<div class=\"elementor-element elementor-element-4bd2a1f elementor-widget elementor-widget-image\" data-id=\"4bd2a1f\" data-element_type=\"widget\" data-widget_type=\"image.default\">\n\t\t\t\t<div class=\"elementor-widget-container\">\n\t\t\t\t\t\t\t\t\t\t\t\t\t\t\t<img fetchpriority=\"high\" decoding=\"async\" width=\"900\" height=\"900\" src=\"https:\/\/www.mndpinnova.com\/wp-content\/uploads\/2023\/12\/mndp-golden-ratio_18.png\" class=\"attachment-large size-large wp-image-2358\" alt=\"\" srcset=\"https:\/\/www.mndpinnova.com\/wp-content\/uploads\/2023\/12\/mndp-golden-ratio_18.png 900w, https:\/\/www.mndpinnova.com\/wp-content\/uploads\/2023\/12\/mndp-golden-ratio_18-300x300.png 300w, https:\/\/www.mndpinnova.com\/wp-content\/uploads\/2023\/12\/mndp-golden-ratio_18-150x150.png 150w, https:\/\/www.mndpinnova.com\/wp-content\/uploads\/2023\/12\/mndp-golden-ratio_18-768x768.png 768w, https:\/\/www.mndpinnova.com\/wp-content\/uploads\/2023\/12\/mndp-golden-ratio_18-570x570.png 570w, https:\/\/www.mndpinnova.com\/wp-content\/uploads\/2023\/12\/mndp-golden-ratio_18-500x500.png 500w, https:\/\/www.mndpinnova.com\/wp-content\/uploads\/2023\/12\/mndp-golden-ratio_18-700x700.png 700w, https:\/\/www.mndpinnova.com\/wp-content\/uploads\/2023\/12\/mndp-golden-ratio_18-650x650.png 650w\" sizes=\"(max-width: 900px) 100vw, 900px\" \/>\t\t\t\t\t\t\t\t\t\t\t\t\t\t\t<\/div>\n\t\t\t\t<\/div>\n\t\t\t\t<div class=\"elementor-element elementor-element-93dfd88 elementor-widget elementor-widget-heading\" data-id=\"93dfd88\" data-element_type=\"widget\" data-widget_type=\"heading.default\">\n\t\t\t\t<div class=\"elementor-widget-container\">\n\t\t\t\t\t<h3 class=\"elementor-heading-title elementor-size-default\">Direcci\u00f3<\/h3>\t\t\t\t<\/div>\n\t\t\t\t<\/div>\n\t\t\t\t<div class=\"elementor-element elementor-element-c33c14f elementor-widget elementor-widget-text-editor\" data-id=\"c33c14f\" data-element_type=\"widget\" data-widget_type=\"text-editor.default\">\n\t\t\t\t<div class=\"elementor-widget-container\">\n\t\t\t\t\t\t\t\t\t<p>c\/Vilassar de Dalt n\u00fam. 2, local 3, 08188 Vallromanes (Barcelona)<\/p>\t\t\t\t\t\t\t\t<\/div>\n\t\t\t\t<\/div>\n\t\t\t\t\t<\/div>\n\t\t<\/div>\n\t\t\t\t<div class=\"elementor-column elementor-col-33 elementor-top-column elementor-element elementor-element-a9c7222\" data-id=\"a9c7222\" data-element_type=\"column\">\n\t\t\t<div class=\"elementor-widget-wrap elementor-element-populated\">\n\t\t\t\t\t\t<div class=\"elementor-element elementor-element-4a07aa5 elementor-widget elementor-widget-image\" data-id=\"4a07aa5\" data-element_type=\"widget\" data-widget_type=\"image.default\">\n\t\t\t\t<div class=\"elementor-widget-container\">\n\t\t\t\t\t\t\t\t\t\t\t\t\t\t\t<img decoding=\"async\" width=\"1024\" height=\"1024\" src=\"https:\/\/www.mndpinnova.com\/wp-content\/uploads\/2023\/12\/mndp-golden-ratio_20-1024x1024.png\" class=\"attachment-large size-large wp-image-2356\" alt=\"\" srcset=\"https:\/\/www.mndpinnova.com\/wp-content\/uploads\/2023\/12\/mndp-golden-ratio_20-1024x1024.png 1024w, https:\/\/www.mndpinnova.com\/wp-content\/uploads\/2023\/12\/mndp-golden-ratio_20-300x300.png 300w, https:\/\/www.mndpinnova.com\/wp-content\/uploads\/2023\/12\/mndp-golden-ratio_20-150x150.png 150w, https:\/\/www.mndpinnova.com\/wp-content\/uploads\/2023\/12\/mndp-golden-ratio_20-768x768.png 768w, https:\/\/www.mndpinnova.com\/wp-content\/uploads\/2023\/12\/mndp-golden-ratio_20-1536x1536.png 1536w, https:\/\/www.mndpinnova.com\/wp-content\/uploads\/2023\/12\/mndp-golden-ratio_20-570x570.png 570w, https:\/\/www.mndpinnova.com\/wp-content\/uploads\/2023\/12\/mndp-golden-ratio_20-500x500.png 500w, https:\/\/www.mndpinnova.com\/wp-content\/uploads\/2023\/12\/mndp-golden-ratio_20-1000x1000.png 1000w, https:\/\/www.mndpinnova.com\/wp-content\/uploads\/2023\/12\/mndp-golden-ratio_20-700x700.png 700w, https:\/\/www.mndpinnova.com\/wp-content\/uploads\/2023\/12\/mndp-golden-ratio_20-650x650.png 650w, https:\/\/www.mndpinnova.com\/wp-content\/uploads\/2023\/12\/mndp-golden-ratio_20-1300x1300.png 1300w, https:\/\/www.mndpinnova.com\/wp-content\/uploads\/2023\/12\/mndp-golden-ratio_20.png 2000w\" sizes=\"(max-width: 1024px) 100vw, 1024px\" \/>\t\t\t\t\t\t\t\t\t\t\t\t\t\t\t<\/div>\n\t\t\t\t<\/div>\n\t\t\t\t<div class=\"elementor-element elementor-element-9a4c063 elementor-widget elementor-widget-heading\" data-id=\"9a4c063\" data-element_type=\"widget\" data-widget_type=\"heading.default\">\n\t\t\t\t<div class=\"elementor-widget-container\">\n\t\t\t\t\t<h3 class=\"elementor-heading-title elementor-size-default\">Tel\u00e8fon<\/h3>\t\t\t\t<\/div>\n\t\t\t\t<\/div>\n\t\t\t\t<div class=\"elementor-element elementor-element-9530469 elementor-widget elementor-widget-text-editor\" data-id=\"9530469\" data-element_type=\"widget\" data-widget_type=\"text-editor.default\">\n\t\t\t\t<div class=\"elementor-widget-container\">\n\t\t\t\t\t\t\t\t\t<p><a href=\"tel:+34%20630%20401%20735\">+34 630 401 735<\/a><\/p>\t\t\t\t\t\t\t\t<\/div>\n\t\t\t\t<\/div>\n\t\t\t\t\t<\/div>\n\t\t<\/div>\n\t\t\t\t<div class=\"elementor-column elementor-col-33 elementor-top-column elementor-element elementor-element-56481d8\" data-id=\"56481d8\" data-element_type=\"column\">\n\t\t\t<div class=\"elementor-widget-wrap elementor-element-populated\">\n\t\t\t\t\t\t<div class=\"elementor-element elementor-element-19a2df2 elementor-widget elementor-widget-image\" data-id=\"19a2df2\" data-element_type=\"widget\" data-widget_type=\"image.default\">\n\t\t\t\t<div class=\"elementor-widget-container\">\n\t\t\t\t\t\t\t\t\t\t\t\t\t\t\t<img decoding=\"async\" width=\"1024\" height=\"1024\" src=\"https:\/\/www.mndpinnova.com\/wp-content\/uploads\/2023\/12\/mndp-golden-ratio_19-1024x1024.png\" class=\"attachment-large size-large wp-image-2354\" alt=\"\" srcset=\"https:\/\/www.mndpinnova.com\/wp-content\/uploads\/2023\/12\/mndp-golden-ratio_19-1024x1024.png 1024w, https:\/\/www.mndpinnova.com\/wp-content\/uploads\/2023\/12\/mndp-golden-ratio_19-300x300.png 300w, https:\/\/www.mndpinnova.com\/wp-content\/uploads\/2023\/12\/mndp-golden-ratio_19-150x150.png 150w, https:\/\/www.mndpinnova.com\/wp-content\/uploads\/2023\/12\/mndp-golden-ratio_19-768x768.png 768w, https:\/\/www.mndpinnova.com\/wp-content\/uploads\/2023\/12\/mndp-golden-ratio_19-1536x1536.png 1536w, https:\/\/www.mndpinnova.com\/wp-content\/uploads\/2023\/12\/mndp-golden-ratio_19-570x570.png 570w, https:\/\/www.mndpinnova.com\/wp-content\/uploads\/2023\/12\/mndp-golden-ratio_19-500x500.png 500w, https:\/\/www.mndpinnova.com\/wp-content\/uploads\/2023\/12\/mndp-golden-ratio_19-1000x1000.png 1000w, https:\/\/www.mndpinnova.com\/wp-content\/uploads\/2023\/12\/mndp-golden-ratio_19-700x700.png 700w, https:\/\/www.mndpinnova.com\/wp-content\/uploads\/2023\/12\/mndp-golden-ratio_19-650x650.png 650w, https:\/\/www.mndpinnova.com\/wp-content\/uploads\/2023\/12\/mndp-golden-ratio_19-1300x1300.png 1300w, https:\/\/www.mndpinnova.com\/wp-content\/uploads\/2023\/12\/mndp-golden-ratio_19.png 1750w\" sizes=\"(max-width: 1024px) 100vw, 1024px\" \/>\t\t\t\t\t\t\t\t\t\t\t\t\t\t\t<\/div>\n\t\t\t\t<\/div>\n\t\t\t\t<div class=\"elementor-element elementor-element-6b08a65 elementor-widget elementor-widget-heading\" data-id=\"6b08a65\" data-element_type=\"widget\" data-widget_type=\"heading.default\">\n\t\t\t\t<div class=\"elementor-widget-container\">\n\t\t\t\t\t<h3 class=\"elementor-heading-title elementor-size-default\">E-mail<\/h3>\t\t\t\t<\/div>\n\t\t\t\t<\/div>\n\t\t\t\t<div class=\"elementor-element elementor-element-235caf4 elementor-widget elementor-widget-text-editor\" data-id=\"235caf4\" data-element_type=\"widget\" data-widget_type=\"text-editor.default\">\n\t\t\t\t<div class=\"elementor-widget-container\">\n\t\t\t\t\t\t\t\t\t<p><a href=\"mailto:info@mndpinnova.com\">info@mndpinnova.com<\/a><\/p>\t\t\t\t\t\t\t\t<\/div>\n\t\t\t\t<\/div>\n\t\t\t\t\t<\/div>\n\t\t<\/div>\n\t\t\t\t\t<\/div>\n\t\t<\/section>\n\t\t\t\t<section class=\"elementor-section elementor-top-section elementor-element elementor-element-cccc63b elementor-section-full_width elementor-section-content-middle elementor-section-height-default elementor-section-height-default parallax_section_no qode_elementor_container_no\" data-id=\"cccc63b\" data-element_type=\"section\">\n\t\t\t\t\t\t<div class=\"elementor-container elementor-column-gap-default\">\n\t\t\t\t\t<div class=\"elementor-column elementor-col-50 elementor-top-column elementor-element elementor-element-619b508\" data-id=\"619b508\" data-element_type=\"column\" data-settings=\"{&quot;background_background&quot;:&quot;classic&quot;}\">\n\t\t\t<div class=\"elementor-widget-wrap elementor-element-populated\">\n\t\t\t\t\t\t<div class=\"elementor-element elementor-element-8b0227f elementor-widget elementor-widget-html\" data-id=\"8b0227f\" data-element_type=\"widget\" data-widget_type=\"html.default\">\n\t\t\t\t<div class=\"elementor-widget-container\">\n\t\t\t\t\t<iframe src=\"https:\/\/www.google.com\/maps\/embed?pb=!1m18!1m12!1m3!1d1255.756699017253!2d2.2993343037850806!3d41.53223062478058!2m3!1f0!2f0!3f0!3m2!1i1024!2i768!4f13.1!3m3!1m2!1s0x12a4b9d6e892db4f%3A0x8e908fc277e7f0d7!2sAvinguda%20de%20Vilassar%20de%20Dalt%2C%202%2C%20local%203%2C%2008188%20Vallromanes%2C%20Barcelona!5e0!3m2!1ses!2ses!4v1709035803996!5m2!1ses!2ses\" style=\"border:0;\" allowfullscreen=\"\" loading=\"lazy\" referrerpolicy=\"no-referrer-when-downgrade\" class=\"google--map\"><\/iframe>\t\t\t\t<\/div>\n\t\t\t\t<\/div>\n\t\t\t\t\t<\/div>\n\t\t<\/div>\n\t\t\t\t<div class=\"elementor-column elementor-col-50 elementor-top-column elementor-element elementor-element-775b216\" data-id=\"775b216\" data-element_type=\"column\">\n\t\t\t<div class=\"elementor-widget-wrap elementor-element-populated\">\n\t\t\t\t\t\t<div class=\"elementor-element elementor-element-d5efbad elementor-widget elementor-widget-heading\" data-id=\"d5efbad\" data-element_type=\"widget\" data-widget_type=\"heading.default\">\n\t\t\t\t<div class=\"elementor-widget-container\">\n\t\t\t\t\t<h2 class=\"elementor-heading-title elementor-size-default\">Hola, aqu\u00ed tens les meves dades de contacte, pots emplenar el formulari i reservar una reuni\u00f3.<\/h2>\t\t\t\t<\/div>\n\t\t\t\t<\/div>\n\t\t\t\t<div class=\"elementor-element elementor-element-3be7d27 elementor-widget elementor-widget-bridge_cf_7\" data-id=\"3be7d27\" data-element_type=\"widget\" data-widget_type=\"bridge_cf_7.default\">\n\t\t\t\t<div class=\"elementor-widget-container\">\n\t\t\t\t\t    <div class=\"qode-contact-form-7 qode-contact-form-7-0\">\n    \n<div class=\"wpcf7 no-js\" id=\"wpcf7-f582-o1\" lang=\"es-ES\" dir=\"ltr\" data-wpcf7-id=\"582\">\n<div class=\"screen-reader-response\"><p role=\"status\" aria-live=\"polite\" aria-atomic=\"true\"><\/p> <ul><\/ul><\/div>\n<form action=\"\/ca\/wp-json\/wp\/v2\/pages\/2516#wpcf7-f582-o1\" method=\"post\" class=\"wpcf7-form init cf7_custom_style_2\" aria-label=\"Formulario de contacto\" novalidate=\"novalidate\" data-status=\"init\">\n<fieldset class=\"hidden-fields-container\"><input type=\"hidden\" name=\"_wpcf7\" value=\"582\" \/><input type=\"hidden\" name=\"_wpcf7_version\" value=\"6.1\" \/><input type=\"hidden\" name=\"_wpcf7_locale\" value=\"es_ES\" \/><input type=\"hidden\" name=\"_wpcf7_unit_tag\" value=\"wpcf7-f582-o1\" \/><input type=\"hidden\" name=\"_wpcf7_container_post\" value=\"0\" \/><input type=\"hidden\" name=\"_wpcf7_posted_data_hash\" value=\"\" \/>\n<\/fieldset>\n<div class=\"two_columns_50_50 clearfix\">\n\n <div class=\"column1\">\n  <div class=\"column_inner\">\n   <span class=\"wpcf7-form-control-wrap\" data-name=\"first-name\"><input size=\"40\" maxlength=\"400\" class=\"wpcf7-form-control wpcf7-text wpcf7-validates-as-required\" aria-required=\"true\" aria-invalid=\"false\" placeholder=\"Nombre*\" value=\"\" type=\"text\" name=\"first-name\" \/><\/span>\n  <\/div>\n <\/div>\n\n <div class=\"column2\">\n  <div class=\"column_inner\">\n   <span class=\"wpcf7-form-control-wrap\" data-name=\"last-name\"><input size=\"40\" maxlength=\"400\" class=\"wpcf7-form-control wpcf7-text wpcf7-validates-as-required\" aria-required=\"true\" aria-invalid=\"false\" placeholder=\"E-Mail*\" value=\"\" type=\"text\" name=\"last-name\" \/><\/span>\n  <\/div>\n <\/div>\n\n\n<\/div>\n\n\n<div><span class=\"wpcf7-form-control-wrap\" data-name=\"your-message\"><textarea cols=\"40\" rows=\"10\" maxlength=\"2000\" class=\"wpcf7-form-control wpcf7-textarea wpcf7-validates-as-required\" aria-required=\"true\" aria-invalid=\"false\" placeholder=\"Mensaje...\" name=\"your-message\"><\/textarea><\/span><\/div>\n\n<div><span class=\"wpcf7-form-control-wrap\" data-name=\"privacidad\"><span class=\"wpcf7-form-control wpcf7-acceptance\"><span class=\"wpcf7-list-item\"><label><input type=\"checkbox\" name=\"privacidad\" value=\"1\" aria-invalid=\"false\" \/><span class=\"wpcf7-list-item-label\">He le\u00eddo y acepto el aviso legal y pol\u00edtica de privacidad de esta web.<\/span><\/label><\/span><\/span><\/span><\/div>\n\n<div style=\"text-align:left\"><input class=\"wpcf7-form-control wpcf7-submit has-spinner\" type=\"submit\" value=\"Enviar\" \/><\/div><div class=\"wpcf7-response-output\" aria-hidden=\"true\"><\/div>\n<\/form>\n<\/div>\n    <\/div>\n\t\t\t\t<\/div>\n\t\t\t\t<\/div>\n\t\t\t\t\t<\/div>\n\t\t<\/div>\n\t\t\t\t\t<\/div>\n\t\t<\/section>\n\t\t\t\t<\/div>\n\t\t","protected":false},"excerpt":{"rendered":"<p>Direcci\u00f3 c\/Vilassar de Dalt n\u00fam. 2, local 3, 08188 Vallromanes (Barcelona) Tel\u00e8fon +34 630 401 735 E-mail info@mndpinnova.com Hola, aqu\u00ed tens les meves dades de contacte, pots emplenar el formulari i reservar una reuni\u00f3. He le\u00eddo y acepto el aviso legal y pol\u00edtica de privacidad&#8230;<\/p>\n","protected":false},"author":1,"featured_media":0,"parent":0,"menu_order":0,"comment_status":"closed","ping_status":"closed","template":"full_width.php","meta":{"_acf_changed":false,"_monsterinsights_skip_tracking":false,"_monsterinsights_sitenote_active":false,"_monsterinsights_sitenote_note":"","_monsterinsights_sitenote_category":0,"footnotes":""},"class_list":["post-2516","page","type-page","status-publish","hentry"],"acf":[],"yoast_head":"<!-- This site is optimized with the Yoast SEO plugin v25.5 - https:\/\/yoast.com\/wordpress\/plugins\/seo\/ -->\n<title>Contacte - MNDP Innova<\/title>\n<meta name=\"description\" content=\"Mireia N\u00fa\u00f1ez de Prado. Aporto solucions a reptes complexos per a empreses i professionals de ci\u00e8ncies de la vida.\" \/>\n<meta name=\"robots\" content=\"index, follow, max-snippet:-1, max-image-preview:large, max-video-preview:-1\" \/>\n<link rel=\"canonical\" href=\"https:\/\/www.mndpinnova.com\/ca\/contacte\/\" \/>\n<meta property=\"og:locale\" content=\"ca_ES\" \/>\n<meta property=\"og:type\" content=\"article\" \/>\n<meta property=\"og:title\" content=\"Contacte - MNDP Innova\" \/>\n<meta property=\"og:description\" content=\"Mireia N\u00fa\u00f1ez de Prado. Aporto solucions a reptes complexos per a empreses i professionals de ci\u00e8ncies de la vida.\" \/>\n<meta property=\"og:url\" content=\"https:\/\/www.mndpinnova.com\/ca\/contacte\/\" \/>\n<meta property=\"og:site_name\" content=\"MNDP Innova\" \/>\n<meta property=\"article:modified_time\" content=\"2025-07-31T10:14:03+00:00\" \/>\n<meta property=\"og:image\" content=\"https:\/\/www.mndpinnova.com\/wp-content\/uploads\/2023\/12\/mndp-golden-ratio_18.png\" \/>\n\t<meta property=\"og:image:width\" content=\"900\" \/>\n\t<meta property=\"og:image:height\" content=\"900\" \/>\n\t<meta property=\"og:image:type\" content=\"image\/png\" \/>\n<meta name=\"twitter:card\" content=\"summary_large_image\" \/>\n<script type=\"application\/ld+json\" class=\"yoast-schema-graph\">{\"@context\":\"https:\/\/schema.org\",\"@graph\":[{\"@type\":\"WebPage\",\"@id\":\"https:\/\/www.mndpinnova.com\/ca\/contacte\/\",\"url\":\"https:\/\/www.mndpinnova.com\/ca\/contacte\/\",\"name\":\"Contacte - MNDP Innova\",\"isPartOf\":{\"@id\":\"https:\/\/www.mndpinnova.com\/ca\/#website\"},\"primaryImageOfPage\":{\"@id\":\"https:\/\/www.mndpinnova.com\/ca\/contacte\/#primaryimage\"},\"image\":{\"@id\":\"https:\/\/www.mndpinnova.com\/ca\/contacte\/#primaryimage\"},\"thumbnailUrl\":\"https:\/\/www.mndpinnova.com\/wp-content\/uploads\/2023\/12\/mndp-golden-ratio_18.png\",\"datePublished\":\"2019-09-09T10:19:12+00:00\",\"dateModified\":\"2025-07-31T10:14:03+00:00\",\"description\":\"Mireia N\u00fa\u00f1ez de Prado. Aporto solucions a reptes complexos per a empreses i professionals de ci\u00e8ncies de la vida.\",\"breadcrumb\":{\"@id\":\"https:\/\/www.mndpinnova.com\/ca\/contacte\/#breadcrumb\"},\"inLanguage\":\"ca\",\"potentialAction\":[{\"@type\":\"ReadAction\",\"target\":[\"https:\/\/www.mndpinnova.com\/ca\/contacte\/\"]}]},{\"@type\":\"ImageObject\",\"inLanguage\":\"ca\",\"@id\":\"https:\/\/www.mndpinnova.com\/ca\/contacte\/#primaryimage\",\"url\":\"https:\/\/www.mndpinnova.com\/wp-content\/uploads\/2023\/12\/mndp-golden-ratio_18.png\",\"contentUrl\":\"https:\/\/www.mndpinnova.com\/wp-content\/uploads\/2023\/12\/mndp-golden-ratio_18.png\"},{\"@type\":\"BreadcrumbList\",\"@id\":\"https:\/\/www.mndpinnova.com\/ca\/contacte\/#breadcrumb\",\"itemListElement\":[{\"@type\":\"ListItem\",\"position\":1,\"name\":\"Home\",\"item\":\"https:\/\/www.mndpinnova.com\/ca\/inici\/\"},{\"@type\":\"ListItem\",\"position\":2,\"name\":\"Contacte\"}]},{\"@type\":\"WebSite\",\"@id\":\"https:\/\/www.mndpinnova.com\/ca\/#website\",\"url\":\"https:\/\/www.mndpinnova.com\/ca\/\",\"name\":\"MNDP Innova\",\"description\":\"\",\"potentialAction\":[{\"@type\":\"SearchAction\",\"target\":{\"@type\":\"EntryPoint\",\"urlTemplate\":\"https:\/\/www.mndpinnova.com\/ca\/?s={search_term_string}\"},\"query-input\":{\"@type\":\"PropertyValueSpecification\",\"valueRequired\":true,\"valueName\":\"search_term_string\"}}],\"inLanguage\":\"ca\"}]}<\/script>\n<!-- \/ Yoast SEO plugin. -->","yoast_head_json":{"title":"Contacte - MNDP Innova","description":"Mireia N\u00fa\u00f1ez de Prado. Aporto solucions a reptes complexos per a empreses i professionals de ci\u00e8ncies de la vida.","robots":{"index":"index","follow":"follow","max-snippet":"max-snippet:-1","max-image-preview":"max-image-preview:large","max-video-preview":"max-video-preview:-1"},"canonical":"https:\/\/www.mndpinnova.com\/ca\/contacte\/","og_locale":"ca_ES","og_type":"article","og_title":"Contacte - MNDP Innova","og_description":"Mireia N\u00fa\u00f1ez de Prado. Aporto solucions a reptes complexos per a empreses i professionals de ci\u00e8ncies de la vida.","og_url":"https:\/\/www.mndpinnova.com\/ca\/contacte\/","og_site_name":"MNDP Innova","article_modified_time":"2025-07-31T10:14:03+00:00","og_image":[{"width":900,"height":900,"url":"https:\/\/www.mndpinnova.com\/wp-content\/uploads\/2023\/12\/mndp-golden-ratio_18.png","type":"image\/png"}],"twitter_card":"summary_large_image","schema":{"@context":"https:\/\/schema.org","@graph":[{"@type":"WebPage","@id":"https:\/\/www.mndpinnova.com\/ca\/contacte\/","url":"https:\/\/www.mndpinnova.com\/ca\/contacte\/","name":"Contacte - MNDP Innova","isPartOf":{"@id":"https:\/\/www.mndpinnova.com\/ca\/#website"},"primaryImageOfPage":{"@id":"https:\/\/www.mndpinnova.com\/ca\/contacte\/#primaryimage"},"image":{"@id":"https:\/\/www.mndpinnova.com\/ca\/contacte\/#primaryimage"},"thumbnailUrl":"https:\/\/www.mndpinnova.com\/wp-content\/uploads\/2023\/12\/mndp-golden-ratio_18.png","datePublished":"2019-09-09T10:19:12+00:00","dateModified":"2025-07-31T10:14:03+00:00","description":"Mireia N\u00fa\u00f1ez de Prado. Aporto solucions a reptes complexos per a empreses i professionals de ci\u00e8ncies de la vida.","breadcrumb":{"@id":"https:\/\/www.mndpinnova.com\/ca\/contacte\/#breadcrumb"},"inLanguage":"ca","potentialAction":[{"@type":"ReadAction","target":["https:\/\/www.mndpinnova.com\/ca\/contacte\/"]}]},{"@type":"ImageObject","inLanguage":"ca","@id":"https:\/\/www.mndpinnova.com\/ca\/contacte\/#primaryimage","url":"https:\/\/www.mndpinnova.com\/wp-content\/uploads\/2023\/12\/mndp-golden-ratio_18.png","contentUrl":"https:\/\/www.mndpinnova.com\/wp-content\/uploads\/2023\/12\/mndp-golden-ratio_18.png"},{"@type":"BreadcrumbList","@id":"https:\/\/www.mndpinnova.com\/ca\/contacte\/#breadcrumb","itemListElement":[{"@type":"ListItem","position":1,"name":"Home","item":"https:\/\/www.mndpinnova.com\/ca\/inici\/"},{"@type":"ListItem","position":2,"name":"Contacte"}]},{"@type":"WebSite","@id":"https:\/\/www.mndpinnova.com\/ca\/#website","url":"https:\/\/www.mndpinnova.com\/ca\/","name":"MNDP Innova","description":"","potentialAction":[{"@type":"SearchAction","target":{"@type":"EntryPoint","urlTemplate":"https:\/\/www.mndpinnova.com\/ca\/?s={search_term_string}"},"query-input":{"@type":"PropertyValueSpecification","valueRequired":true,"valueName":"search_term_string"}}],"inLanguage":"ca"}]}},"_links":{"self":[{"href":"https:\/\/www.mndpinnova.com\/ca\/wp-json\/wp\/v2\/pages\/2516","targetHints":{"allow":["GET"]}}],"collection":[{"href":"https:\/\/www.mndpinnova.com\/ca\/wp-json\/wp\/v2\/pages"}],"about":[{"href":"https:\/\/www.mndpinnova.com\/ca\/wp-json\/wp\/v2\/types\/page"}],"author":[{"embeddable":true,"href":"https:\/\/www.mndpinnova.com\/ca\/wp-json\/wp\/v2\/users\/1"}],"replies":[{"embeddable":true,"href":"https:\/\/www.mndpinnova.com\/ca\/wp-json\/wp\/v2\/comments?post=2516"}],"version-history":[{"count":2,"href":"https:\/\/www.mndpinnova.com\/ca\/wp-json\/wp\/v2\/pages\/2516\/revisions"}],"predecessor-version":[{"id":2519,"href":"https:\/\/www.mndpinnova.com\/ca\/wp-json\/wp\/v2\/pages\/2516\/revisions\/2519"}],"wp:attachment":[{"href":"https:\/\/www.mndpinnova.com\/ca\/wp-json\/wp\/v2\/media?parent=2516"}],"curies":[{"name":"wp","href":"https:\/\/api.w.org\/{rel}","templated":true}]}}